{"id":1777,"date":"2015-06-10T10:09:34","date_gmt":"2015-06-10T10:09:34","guid":{"rendered":"http:\/\/coaching-nlp.hu\/en\/?page_id=1777"},"modified":"2015-06-10T11:11:00","modified_gmt":"2015-06-10T11:11:00","slug":"leadership-and-management-training","status":"publish","type":"page","link":"https:\/\/coaching-nlp.hu\/en\/leadership-and-management-training\/","title":{"rendered":"Leadership and Management Training"},"content":{"rendered":"[vc_row][vc_column width=&#8221;1\/1&#8243;][heading subtitle=&#8221;2 days course&#8221;]Leadership and Management Training[\/heading][vc_column_text]The training purpose would be to improve the personal skills of the leaders and managers, to be better equipped to get the best performance from themselves and the rest of the team.<\/p>\n<p>The two day course will make you feel more confident, self-assured and motivated. You will gain and practice new skills: Goal setting, the proper use of language, delegating, giving constructive criticism and how to motivate yourself and others.<\/p>\n<p><strong>Develop your leadership and management skills to the next level!<\/strong>[\/vc_column_text][divider line_type=&#8221;No Line&#8221; custom_height=&#8221;20&#8243;][\/vc_column][\/vc_row][vc_row][vc_column width=&#8221;1\/1&#8243; animation=&#8221;none&#8221; column_padding=&#8221;no-extra-padding&#8221; background_color_opacity=&#8221;1&#8243; font_color=&#8221;#0066bf&#8221;][vc_text_separator title=&#8221;Leadership Management Training Objectives&#8221; title_align=&#8221;separator_align_left&#8221;][\/vc_column][\/vc_row][vc_row][vc_column width=&#8221;1\/1&#8243;][vc_column_text]If you are looking for a practical &#8216;success formula&#8217; that will help you develop your personal management and leadership skills &#8211; this is the course you&#8217;ve been looking for!<\/p>\n<p><strong>We will show you practical methods to help you become more effective and confident.<\/strong><\/p>\n<p>The purpose of the training is to improve performance and create a friendly and productive working atmosphere. Our management training focuses on the six essential leadership management skills, namely:<br \/>\n\u2022 To set and achieve goals.<br \/>\n\u2022 To communicate clearly.<br \/>\n\u2022 To manage time and prioritise work.<br \/>\n\u2022 To manage conflict and handle difficult people.<br \/>\n\u2022 To create and sustain a positive mental attitude, especially during tough times.<br \/>\n\u2022 To inspire others and create a positive, productive atmosphere.[\/vc_column_text][divider line_type=&#8221;No Line&#8221; custom_height=&#8221;30&#8243;][\/vc_column][\/vc_row][vc_row][vc_column width=&#8221;1\/1&#8243; animation=&#8221;none&#8221; column_padding=&#8221;no-extra-padding&#8221; background_color_opacity=&#8221;1&#8243; font_color=&#8221;#0066bf&#8221;][vc_text_separator title=&#8221;Brief outline of the Personal Development Training&#8221; title_align=&#8221;separator_align_left&#8221;][\/vc_column][\/vc_row][vc_row][vc_column width=&#8221;1\/2&#8243; animation=&#8221;none&#8221; boxed=&#8221;true&#8221; column_padding=&#8221;no-extra-padding&#8221; background_color_opacity=&#8221;1&#8243;][vc_column_text]<strong>Day One &#8211; Morning<\/strong><br \/>\n\u2022 How do you get the best from yourself and others?<br \/>\n\u2022 Develop the six key leadership management skills<br \/>\n\u2022 How to develop goal focus<br \/>\n\u2022 The accurate use of language<br \/>\n\u2022 Distinguish the critic from the cynic<br \/>\n\u2022 Define your most important ideas<\/p>\n<p><strong>Day One &#8211; Afternoon<\/strong><br \/>\n\u2022 How to handle difficult people<br \/>\n\u2022 Objective language<br \/>\n\u2022 Prepare your message in advance<br \/>\n\u2022 Reasons vs excuses<br \/>\n\u2022 When to compromise and when not to<br \/>\n\u2022 Action plan[\/vc_column_text][\/vc_column][vc_column width=&#8221;1\/2&#8243; animation=&#8221;none&#8221; boxed=&#8221;true&#8221; column_padding=&#8221;no-extra-padding&#8221; background_color_opacity=&#8221;1&#8243;][vc_column_text]<strong>Day Two &#8211; Morning<\/strong><br \/>\n\u2022 Time management training<br \/>\n\u2022 Understanding &#8220;deadline pressure&#8221; and &#8220;value&#8221;<br \/>\n\u2022 Distinguish between being &#8220;busy&#8221; and being &#8220;productive&#8221;<br \/>\n\u2022 Prioritise work according to its value and deadline pressure<br \/>\n\u2022 Handling interruptions and distractions<br \/>\n\u2022 Proper delegation and correct prioritisation<br \/>\n\u2022 The 80\/20 principle and its application to time management<\/p>\n<p><strong>Day Two &#8211; Afternoon<\/strong><br \/>\n\u2022 Positive mental attitude. How it affects tangible results<br \/>\n\u2022 The EDISON success formula<br \/>\n\u2022 Failure formula<br \/>\n\u2022 The value of &#8220;critical feedback&#8221;<br \/>\n\u2022 Turning negative situations into positive<br \/>\n\u2022 Action plan, final summary close.[\/vc_column_text][\/vc_column][\/vc_row][vc_row][vc_column width=&#8221;1\/1&#8243; animation=&#8221;none&#8221; column_padding=&#8221;no-extra-padding&#8221; background_color_opacity=&#8221;1&#8243; font_color=&#8221;#0066bf&#8221;][vc_text_separator title=&#8221;The Training Method&#8221; title_align=&#8221;separator_align_left&#8221;][\/vc_column][\/vc_row][vc_row][vc_column width=&#8221;1\/1&#8243;][vc_column_text]All our trainings are based on the <strong>Lineo Coaching<sup>TM<\/sup><\/strong> unique and innovative method of teaching. <strong>Lineo Coaching<sup>TM<\/sup><\/strong> was developed by <strong>Marta S. Toth<\/strong> and combine knowledge and techniques of Coaching, NLP and Mediation.<br \/>\n<a title=\"About Us\" href=\"http:\/\/coaching-nlp.hu\/en\/lineo\/about-us\/\">Read more about Marta.<\/a><\/p>\n<p>The training method follows this general pattern &#8211; the training is very interactive and inovative:<br \/>\n\u2022 The trainer gives a clear explanation of the point in question with specific examples.<br \/>\n\u2022 Then, the delegates practice by doing an exercise with each other.<br \/>\n\u2022 The delegates practice by doing exercise with the trainer.<br \/>\n\u2022 Delegates are asked to write down an associated action, for each point made.[\/vc_column_text][divider line_type=&#8221;No Line&#8221; custom_height=&#8221;30&#8243;][\/vc_column][\/vc_row][vc_row][vc_column width=&#8221;1\/1&#8243; animation=&#8221;none&#8221; column_padding=&#8221;no-extra-padding&#8221; background_color_opacity=&#8221;1&#8243; font_color=&#8221;#0066bf&#8221;][divider line_type=&#8221;No Line&#8221; custom_height=&#8221;30&#8243;][vc_text_separator title=&#8221;Training Details&#8221; title_align=&#8221;separator_align_left&#8221;][\/vc_column][\/vc_row][vc_row][vc_column width=&#8221;1\/1&#8243;][vc_column_text]<strong>Please note all our training courses include two coaching sessions for each participants. The coaching sessions can be 1-on-1 (at our office), via telephone or Skype.<\/strong><\/p>\n<p>We offer <strong>Leadership and Management Training<\/strong> as a 2 days in house course. However if this course is not exactly right for you, we will be very happy to discuss your specific goals and to work with you to put together a bespoke programme.<\/p>\n<p>Please call us on <strong>+36 70 394 5336<\/strong> to discuss your requirements for the in house training course.<\/p>\n<p>If you want to know more about any Management Training Course or their suitability for you or a colleague call us on <strong>+36 70 394 5336<\/strong> or email us: <strong>office@lineo.co.uk<\/strong>[\/vc_column_text][\/vc_column][\/vc_row]\n","protected":false},"excerpt":{"rendered":"<p>Leadership and Management Training &#8211; Lineo Trainings<br \/>\nThe training purpose would be to improve the personal skills of the leaders and managers, to be better equipped to get the best performance from themselves and the rest of the team.<br \/>\nThe two day course will make you feel more confident, self-assured and motivated. You will gain and practice new skills: Goal setting, the proper use of language, delegating, giving constructive criticism and how to motivate yourself and others.<\/p>\n","protected":false},"author":1,"featured_media":1778,"parent":0,"menu_order":0,"comment_status":"closed","ping_status":"closed","template":"page-sidebar.php","meta":{"footnotes":""},"class_list":["post-1777","page","type-page","status-publish","has-post-thumbnail"],"yoast_head":"<!-- This site is optimized with the Yoast SEO plugin v27.4 - https:\/\/yoast.com\/product\/yoast-seo-wordpress\/ -->\n<title>Leadership and Management Training - LINEO International Consulting Ltd.<\/title>\n<meta name=\"robots\" content=\"index, follow, max-snippet:-1, max-image-preview:large, max-video-preview:-1\" \/>\n<link rel=\"canonical\" href=\"https:\/\/coaching-nlp.hu\/en\/leadership-and-management-training\/\" \/>\n<meta property=\"og:locale\" content=\"en_US\" \/>\n<meta property=\"og:type\" content=\"article\" \/>\n<meta property=\"og:title\" content=\"Leadership and Management Training - LINEO International Consulting Ltd.\" \/>\n<meta property=\"og:description\" content=\"Leadership and Management Training - Lineo Trainings The training purpose would be to improve the personal skills of the leaders and managers, to be better equipped to get the best performance from themselves and the rest of the team. The two day course will make you feel more confident, self-assured and motivated. You will gain and practice new skills: Goal setting, the proper use of language, delegating, giving constructive criticism and how to motivate yourself and others.\" \/>\n<meta property=\"og:url\" content=\"https:\/\/coaching-nlp.hu\/en\/leadership-and-management-training\/\" \/>\n<meta property=\"og:site_name\" content=\"LINEO International Consulting Ltd.\" \/>\n<meta property=\"article:modified_time\" content=\"2015-06-10T11:11:00+00:00\" \/>\n<meta property=\"og:image\" content=\"https:\/\/coaching-nlp.hu\/en\/wp-content\/uploads\/sites\/4\/2015\/06\/Lineo-International-Consulting-Coaching-NLP-Mediation-Lineo-Trainings-1.jpg\" \/>\n\t<meta property=\"og:image:width\" content=\"1000\" \/>\n\t<meta property=\"og:image:height\" content=\"1000\" \/>\n\t<meta property=\"og:image:type\" content=\"image\/jpeg\" \/>\n<meta name=\"twitter:card\" content=\"summary_large_image\" \/>\n<meta name=\"twitter:label1\" content=\"Est. reading time\" \/>\n\t<meta name=\"twitter:data1\" content=\"4 minutes\" \/>\n<script type=\"application\/ld+json\" class=\"yoast-schema-graph\">{\"@context\":\"https:\\\/\\\/schema.org\",\"@graph\":[{\"@type\":\"WebPage\",\"@id\":\"https:\\\/\\\/coaching-nlp.hu\\\/en\\\/leadership-and-management-training\\\/\",\"url\":\"https:\\\/\\\/coaching-nlp.hu\\\/en\\\/leadership-and-management-training\\\/\",\"name\":\"Leadership and Management Training - LINEO International Consulting Ltd.\",\"isPartOf\":{\"@id\":\"https:\\\/\\\/coaching-nlp.hu\\\/en\\\/#website\"},\"primaryImageOfPage\":{\"@id\":\"https:\\\/\\\/coaching-nlp.hu\\\/en\\\/leadership-and-management-training\\\/#primaryimage\"},\"image\":{\"@id\":\"https:\\\/\\\/coaching-nlp.hu\\\/en\\\/leadership-and-management-training\\\/#primaryimage\"},\"thumbnailUrl\":\"https:\\\/\\\/coaching-nlp.hu\\\/en\\\/wp-content\\\/uploads\\\/sites\\\/4\\\/2015\\\/06\\\/Lineo-International-Consulting-Coaching-NLP-Mediation-Lineo-Trainings-1.jpg\",\"datePublished\":\"2015-06-10T10:09:34+00:00\",\"dateModified\":\"2015-06-10T11:11:00+00:00\",\"breadcrumb\":{\"@id\":\"https:\\\/\\\/coaching-nlp.hu\\\/en\\\/leadership-and-management-training\\\/#breadcrumb\"},\"inLanguage\":\"en-US\",\"potentialAction\":[{\"@type\":\"ReadAction\",\"target\":[\"https:\\\/\\\/coaching-nlp.hu\\\/en\\\/leadership-and-management-training\\\/\"]}]},{\"@type\":\"ImageObject\",\"inLanguage\":\"en-US\",\"@id\":\"https:\\\/\\\/coaching-nlp.hu\\\/en\\\/leadership-and-management-training\\\/#primaryimage\",\"url\":\"https:\\\/\\\/coaching-nlp.hu\\\/en\\\/wp-content\\\/uploads\\\/sites\\\/4\\\/2015\\\/06\\\/Lineo-International-Consulting-Coaching-NLP-Mediation-Lineo-Trainings-1.jpg\",\"contentUrl\":\"https:\\\/\\\/coaching-nlp.hu\\\/en\\\/wp-content\\\/uploads\\\/sites\\\/4\\\/2015\\\/06\\\/Lineo-International-Consulting-Coaching-NLP-Mediation-Lineo-Trainings-1.jpg\",\"width\":1000,\"height\":1000},{\"@type\":\"BreadcrumbList\",\"@id\":\"https:\\\/\\\/coaching-nlp.hu\\\/en\\\/leadership-and-management-training\\\/#breadcrumb\",\"itemListElement\":[{\"@type\":\"ListItem\",\"position\":1,\"name\":\"Home\",\"item\":\"https:\\\/\\\/coaching-nlp.hu\\\/en\\\/\"},{\"@type\":\"ListItem\",\"position\":2,\"name\":\"Leadership and Management Training\"}]},{\"@type\":\"WebSite\",\"@id\":\"https:\\\/\\\/coaching-nlp.hu\\\/en\\\/#website\",\"url\":\"https:\\\/\\\/coaching-nlp.hu\\\/en\\\/\",\"name\":\"LINEO International Consulting Ltd.\",\"description\":\"Life-, business coaching; medi\u00e1ci\u00f3; szakir\u00e1ny\u00fa akkredit\u00e1lt k\u00e9pz\u00e9sek\",\"potentialAction\":[{\"@type\":\"SearchAction\",\"target\":{\"@type\":\"EntryPoint\",\"urlTemplate\":\"https:\\\/\\\/coaching-nlp.hu\\\/en\\\/?s={search_term_string}\"},\"query-input\":{\"@type\":\"PropertyValueSpecification\",\"valueRequired\":true,\"valueName\":\"search_term_string\"}}],\"inLanguage\":\"en-US\"}]}<\/script>\n<!-- \/ Yoast SEO plugin. -->","yoast_head_json":{"title":"Leadership and Management Training - LINEO International Consulting Ltd.","robots":{"index":"index","follow":"follow","max-snippet":"max-snippet:-1","max-image-preview":"max-image-preview:large","max-video-preview":"max-video-preview:-1"},"canonical":"https:\/\/coaching-nlp.hu\/en\/leadership-and-management-training\/","og_locale":"en_US","og_type":"article","og_title":"Leadership and Management Training - LINEO International Consulting Ltd.","og_description":"Leadership and Management Training - Lineo Trainings The training purpose would be to improve the personal skills of the leaders and managers, to be better equipped to get the best performance from themselves and the rest of the team. The two day course will make you feel more confident, self-assured and motivated. You will gain and practice new skills: Goal setting, the proper use of language, delegating, giving constructive criticism and how to motivate yourself and others.","og_url":"https:\/\/coaching-nlp.hu\/en\/leadership-and-management-training\/","og_site_name":"LINEO International Consulting Ltd.","article_modified_time":"2015-06-10T11:11:00+00:00","og_image":[{"width":1000,"height":1000,"url":"https:\/\/coaching-nlp.hu\/en\/wp-content\/uploads\/sites\/4\/2015\/06\/Lineo-International-Consulting-Coaching-NLP-Mediation-Lineo-Trainings-1.jpg","type":"image\/jpeg"}],"twitter_card":"summary_large_image","twitter_misc":{"Est. reading time":"4 minutes"},"schema":{"@context":"https:\/\/schema.org","@graph":[{"@type":"WebPage","@id":"https:\/\/coaching-nlp.hu\/en\/leadership-and-management-training\/","url":"https:\/\/coaching-nlp.hu\/en\/leadership-and-management-training\/","name":"Leadership and Management Training - LINEO International Consulting Ltd.","isPartOf":{"@id":"https:\/\/coaching-nlp.hu\/en\/#website"},"primaryImageOfPage":{"@id":"https:\/\/coaching-nlp.hu\/en\/leadership-and-management-training\/#primaryimage"},"image":{"@id":"https:\/\/coaching-nlp.hu\/en\/leadership-and-management-training\/#primaryimage"},"thumbnailUrl":"https:\/\/coaching-nlp.hu\/en\/wp-content\/uploads\/sites\/4\/2015\/06\/Lineo-International-Consulting-Coaching-NLP-Mediation-Lineo-Trainings-1.jpg","datePublished":"2015-06-10T10:09:34+00:00","dateModified":"2015-06-10T11:11:00+00:00","breadcrumb":{"@id":"https:\/\/coaching-nlp.hu\/en\/leadership-and-management-training\/#breadcrumb"},"inLanguage":"en-US","potentialAction":[{"@type":"ReadAction","target":["https:\/\/coaching-nlp.hu\/en\/leadership-and-management-training\/"]}]},{"@type":"ImageObject","inLanguage":"en-US","@id":"https:\/\/coaching-nlp.hu\/en\/leadership-and-management-training\/#primaryimage","url":"https:\/\/coaching-nlp.hu\/en\/wp-content\/uploads\/sites\/4\/2015\/06\/Lineo-International-Consulting-Coaching-NLP-Mediation-Lineo-Trainings-1.jpg","contentUrl":"https:\/\/coaching-nlp.hu\/en\/wp-content\/uploads\/sites\/4\/2015\/06\/Lineo-International-Consulting-Coaching-NLP-Mediation-Lineo-Trainings-1.jpg","width":1000,"height":1000},{"@type":"BreadcrumbList","@id":"https:\/\/coaching-nlp.hu\/en\/leadership-and-management-training\/#breadcrumb","itemListElement":[{"@type":"ListItem","position":1,"name":"Home","item":"https:\/\/coaching-nlp.hu\/en\/"},{"@type":"ListItem","position":2,"name":"Leadership and Management Training"}]},{"@type":"WebSite","@id":"https:\/\/coaching-nlp.hu\/en\/#website","url":"https:\/\/coaching-nlp.hu\/en\/","name":"LINEO International Consulting Ltd.","description":"Life-, business coaching; medi\u00e1ci\u00f3; szakir\u00e1ny\u00fa akkredit\u00e1lt k\u00e9pz\u00e9sek","potentialAction":[{"@type":"SearchAction","target":{"@type":"EntryPoint","urlTemplate":"https:\/\/coaching-nlp.hu\/en\/?s={search_term_string}"},"query-input":{"@type":"PropertyValueSpecification","valueRequired":true,"valueName":"search_term_string"}}],"inLanguage":"en-US"}]}},"_links":{"self":[{"href":"https:\/\/coaching-nlp.hu\/en\/wp-json\/wp\/v2\/pages\/1777","targetHints":{"allow":["GET"]}}],"collection":[{"href":"https:\/\/coaching-nlp.hu\/en\/wp-json\/wp\/v2\/pages"}],"about":[{"href":"https:\/\/coaching-nlp.hu\/en\/wp-json\/wp\/v2\/types\/page"}],"author":[{"embeddable":true,"href":"https:\/\/coaching-nlp.hu\/en\/wp-json\/wp\/v2\/users\/1"}],"replies":[{"embeddable":true,"href":"https:\/\/coaching-nlp.hu\/en\/wp-json\/wp\/v2\/comments?post=1777"}],"version-history":[{"count":16,"href":"https:\/\/coaching-nlp.hu\/en\/wp-json\/wp\/v2\/pages\/1777\/revisions"}],"predecessor-version":[{"id":1798,"href":"https:\/\/coaching-nlp.hu\/en\/wp-json\/wp\/v2\/pages\/1777\/revisions\/1798"}],"wp:featuredmedia":[{"embeddable":true,"href":"https:\/\/coaching-nlp.hu\/en\/wp-json\/wp\/v2\/media\/1778"}],"wp:attachment":[{"href":"https:\/\/coaching-nlp.hu\/en\/wp-json\/wp\/v2\/media?parent=1777"}],"curies":[{"name":"wp","href":"https:\/\/api.w.org\/{rel}","templated":true}]}}