{"id":1819,"date":"2015-06-10T12:07:44","date_gmt":"2015-06-10T12:07:44","guid":{"rendered":"http:\/\/coaching-nlp.hu\/en\/?page_id=1819"},"modified":"2015-06-10T12:11:32","modified_gmt":"2015-06-10T12:11:32","slug":"communication-skills-training","status":"publish","type":"page","link":"https:\/\/coaching-nlp.hu\/en\/communication-skills-training\/","title":{"rendered":"Communication Skills Training"},"content":{"rendered":"[vc_row][vc_column width=&#8221;1\/1&#8243;][heading subtitle=&#8221;1 day course&#8221;]Communication Skills Training[\/heading][vc_column_text]Would you say that you already have perfect communication skills?<br \/>\nWould you agree that you could improve your communication skills?<br \/>\nAnd if you improved your communication skills, do you think you would benefit from that improvement?<\/p>\n<p>Communication is the art of transferring your ideas, your information and emotions into the minds of others.<\/p>\n<p>Some people say to themselves, \u201cI know what I mean but I can\u2019t explain it\u201d. If you want help to express your message with more clarity and confidence, then this course is right for you.<\/p>\n<p>And in addition, this course would be especially right for you if you want help dealing with conflict situations, or with difficult people. This communication course will give you the exact methods you need to communicate with more clarity and confidence.[\/vc_column_text][divider line_type=&#8221;No Line&#8221; custom_height=&#8221;20&#8243;][\/vc_column][\/vc_row][vc_row][vc_column width=&#8221;1\/1&#8243; animation=&#8221;none&#8221; column_padding=&#8221;no-extra-padding&#8221; background_color_opacity=&#8221;1&#8243; font_color=&#8221;#0066bf&#8221;][vc_text_separator title=&#8221;Who should attend the course?&#8221; title_align=&#8221;separator_align_left&#8221;][\/vc_column][\/vc_row][vc_row][vc_column width=&#8221;1\/1&#8243;][vc_column_text]You should attend this communication skills training course, if you:<br \/>\n\u2022 Say to yourself &#8220;I know what I mean but I can\u2019t explain it&#8221;<br \/>\n\u2022 Need to set clear goals and targets for others to achieve<br \/>\n\u2022 Need to be able to transfer information accurately<br \/>\n\u2022 Believe that problems are often caused by miscommunication<br \/>\n\u2022 Need to explain your exact meaning to others<br \/>\n\u2022 Need to handle difficult people and conflict<br \/>\n\u2022 Want more confidence in expressing your ideas[\/vc_column_text][divider line_type=&#8221;No Line&#8221; custom_height=&#8221;30&#8243;][\/vc_column][\/vc_row][vc_row][vc_column width=&#8221;1\/1&#8243; animation=&#8221;none&#8221; column_padding=&#8221;no-extra-padding&#8221; background_color_opacity=&#8221;1&#8243; font_color=&#8221;#0066bf&#8221;][vc_text_separator title=&#8221;Benefits of the communication skills training course&#8221; title_align=&#8221;separator_align_left&#8221;][\/vc_column][\/vc_row][vc_row][vc_column width=&#8221;1\/1&#8243; animation=&#8221;none&#8221; column_padding=&#8221;no-extra-padding&#8221; background_color_opacity=&#8221;1&#8243;][vc_column_text]The benefits of the communication skills course are:<br \/>\n\u2022 You will feel more confident to express your ideas and opinions.<br \/>\n\u2022 You will get the best possible results from interviews and important meetings of all kinds.<br \/>\n\u2022 You will avoid all the perils and costs of badly worded messages and mis-understandings.<br \/>\n\u2022 You will feel happier to handle situations where you need to criticise other people.[\/vc_column_text][divider line_type=&#8221;No Line&#8221; custom_height=&#8221;30&#8243;][\/vc_column][\/vc_row][vc_row][vc_column width=&#8221;1\/1&#8243; animation=&#8221;none&#8221; column_padding=&#8221;no-extra-padding&#8221; background_color_opacity=&#8221;1&#8243; font_color=&#8221;#0066bf&#8221;][vc_text_separator title=&#8221;Communication Skills Training Course Content&#8221; title_align=&#8221;separator_align_left&#8221;][\/vc_column][\/vc_row][vc_row][vc_column width=&#8221;1\/1&#8243; animation=&#8221;none&#8221; column_padding=&#8221;no-extra-padding&#8221; background_color_opacity=&#8221;1&#8243;][vc_column_text]Clear Communication &#8211; To some degree, your future success depends upon your ability to communicate. You need to be more clear, accurate, convincing and confident.<\/p>\n<p>You need to able to communicate the following:<br \/>\n\u2022 Your goals: You must be able to communicate what it is that you want.<br \/>\n\u2022 The exact meaning of your complex ideas: Some of your ideas are not easy to explain. You need to know how to explain yourself.<br \/>\n\u2022 Your plans for the future: You need to explain how you intend to achieve your goals.<br \/>\n\u2022 Your constructive criticism: You need to communicate with people properly, when you are in conflict with them.<br \/>\n\u2022 How you feel. You need to speak to people in positive, not negative ways.<br \/>\n\u2022 How to induce a positive mental attitude: You need to know how to inspire positive emotional responses in your listeners.[\/vc_column_text][divider line_type=&#8221;No Line&#8221; custom_height=&#8221;30&#8243;][\/vc_column][\/vc_row][vc_row][vc_column width=&#8221;1\/1&#8243; animation=&#8221;none&#8221; column_padding=&#8221;no-extra-padding&#8221; background_color_opacity=&#8221;1&#8243; font_color=&#8221;#0066bf&#8221;][vc_text_separator title=&#8221;The Training Method&#8221; title_align=&#8221;separator_align_left&#8221;][\/vc_column][\/vc_row][vc_row][vc_column width=&#8221;1\/1&#8243;][vc_column_text]All our trainings are based on the <strong>Lineo Coaching<sup>TM<\/sup><\/strong> unique and innovative method of teaching. <strong>Lineo Coaching<sup>TM<\/sup><\/strong> was developed by <strong>Marta S. Toth<\/strong> and combine knowledge and techniques of Coaching, NLP and Mediation.<br \/>\n<a title=\"About Us\" href=\"http:\/\/coaching-nlp.hu\/en\/lineo\/about-us\/\">Read more about Marta.<\/a><\/p>\n<p>The training method follows this general pattern &#8211; the training is very interactive and inovative:<br \/>\n\u2022 The trainer gives a clear explanation of the point in question with specific examples.<br \/>\n\u2022 Then, the delegates practice by doing an exercise with each other.<br \/>\n\u2022 The delegates practice by doing exercise with the trainer.<br \/>\n\u2022 Delegates are asked to write down an associated action, for each point made.[\/vc_column_text][divider line_type=&#8221;No Line&#8221; custom_height=&#8221;30&#8243;][\/vc_column][\/vc_row][vc_row][vc_column width=&#8221;1\/1&#8243; animation=&#8221;none&#8221; column_padding=&#8221;no-extra-padding&#8221; background_color_opacity=&#8221;1&#8243; font_color=&#8221;#0066bf&#8221;][vc_text_separator title=&#8221;Training Details&#8221; title_align=&#8221;separator_align_left&#8221;][\/vc_column][\/vc_row][vc_row][vc_column width=&#8221;1\/1&#8243;][vc_column_text]<strong>Please note all our training courses include two coaching sessions for each participants. The coaching sessions can be 1-on-1 (at our office), via telephone or Skype.<\/strong><\/p>\n<p>We offer <strong>Communication Skills Training<\/strong> as a one days in house course. However if this course is not exactly right for you, we will be very happy to discuss your specific goals and to work with you to put together a bespoke programme.<\/p>\n<p>Please call us on <strong>+36 70 394 5336<\/strong> to discuss your requirements for the in house training course.<\/p>\n<p>If you want to know more about any Management Training Course or their suitability for you or a colleague call us on <strong>+36 70 394 5336<\/strong> or email us: <strong>office@lineo.co.uk<\/strong>[\/vc_column_text][\/vc_column][\/vc_row]\n","protected":false},"excerpt":{"rendered":"<p>Communication Skills Training &#8211; Lineo Trainings &#8211; Lineo Trainings<br \/>\nWould you say that you already have perfect communication skills?<br \/>\nWould you agree that you could improve your communication skills?<br \/>\nAnd if you improved your communication skills, do you think you would benefit from that improvement?<br \/>\nCommunication is the art of transferring your ideas, your information and emotions into the minds of others.<\/p>\n","protected":false},"author":1,"featured_media":1820,"parent":0,"menu_order":0,"comment_status":"closed","ping_status":"closed","template":"page-sidebar.php","meta":{"footnotes":""},"class_list":["post-1819","page","type-page","status-publish","has-post-thumbnail"],"yoast_head":"<!-- This site is optimized with the Yoast SEO plugin v27.4 - https:\/\/yoast.com\/product\/yoast-seo-wordpress\/ -->\n<title>Communication Skills Training - LINEO International Consulting Ltd.<\/title>\n<meta name=\"robots\" content=\"index, follow, max-snippet:-1, max-image-preview:large, max-video-preview:-1\" \/>\n<link rel=\"canonical\" href=\"https:\/\/coaching-nlp.hu\/en\/communication-skills-training\/\" \/>\n<meta property=\"og:locale\" content=\"en_US\" \/>\n<meta property=\"og:type\" content=\"article\" \/>\n<meta property=\"og:title\" content=\"Communication Skills Training - LINEO International Consulting Ltd.\" \/>\n<meta property=\"og:description\" content=\"Communication Skills Training - Lineo Trainings - Lineo Trainings Would you say that you already have perfect communication skills? Would you agree that you could improve your communication skills? And if you improved your communication skills, do you think you would benefit from that improvement? Communication is the art of transferring your ideas, your information and emotions into the minds of others.\" \/>\n<meta property=\"og:url\" content=\"https:\/\/coaching-nlp.hu\/en\/communication-skills-training\/\" \/>\n<meta property=\"og:site_name\" content=\"LINEO International Consulting Ltd.\" \/>\n<meta property=\"article:modified_time\" content=\"2015-06-10T12:11:32+00:00\" \/>\n<meta property=\"og:image\" content=\"https:\/\/coaching-nlp.hu\/en\/wp-content\/uploads\/sites\/4\/2015\/06\/Lineo-International-Consulting-Coaching-NLP-Mediation-Lineo-Trainings-4.jpg\" \/>\n\t<meta property=\"og:image:width\" content=\"1000\" \/>\n\t<meta property=\"og:image:height\" content=\"1000\" \/>\n\t<meta property=\"og:image:type\" content=\"image\/jpeg\" \/>\n<meta name=\"twitter:card\" content=\"summary_large_image\" \/>\n<meta name=\"twitter:label1\" content=\"Est. reading time\" \/>\n\t<meta name=\"twitter:data1\" content=\"5 minutes\" \/>\n<script type=\"application\/ld+json\" class=\"yoast-schema-graph\">{\"@context\":\"https:\\\/\\\/schema.org\",\"@graph\":[{\"@type\":\"WebPage\",\"@id\":\"https:\\\/\\\/coaching-nlp.hu\\\/en\\\/communication-skills-training\\\/\",\"url\":\"https:\\\/\\\/coaching-nlp.hu\\\/en\\\/communication-skills-training\\\/\",\"name\":\"Communication Skills Training - LINEO International Consulting Ltd.\",\"isPartOf\":{\"@id\":\"https:\\\/\\\/coaching-nlp.hu\\\/en\\\/#website\"},\"primaryImageOfPage\":{\"@id\":\"https:\\\/\\\/coaching-nlp.hu\\\/en\\\/communication-skills-training\\\/#primaryimage\"},\"image\":{\"@id\":\"https:\\\/\\\/coaching-nlp.hu\\\/en\\\/communication-skills-training\\\/#primaryimage\"},\"thumbnailUrl\":\"https:\\\/\\\/coaching-nlp.hu\\\/en\\\/wp-content\\\/uploads\\\/sites\\\/4\\\/2015\\\/06\\\/Lineo-International-Consulting-Coaching-NLP-Mediation-Lineo-Trainings-4.jpg\",\"datePublished\":\"2015-06-10T12:07:44+00:00\",\"dateModified\":\"2015-06-10T12:11:32+00:00\",\"breadcrumb\":{\"@id\":\"https:\\\/\\\/coaching-nlp.hu\\\/en\\\/communication-skills-training\\\/#breadcrumb\"},\"inLanguage\":\"en-US\",\"potentialAction\":[{\"@type\":\"ReadAction\",\"target\":[\"https:\\\/\\\/coaching-nlp.hu\\\/en\\\/communication-skills-training\\\/\"]}]},{\"@type\":\"ImageObject\",\"inLanguage\":\"en-US\",\"@id\":\"https:\\\/\\\/coaching-nlp.hu\\\/en\\\/communication-skills-training\\\/#primaryimage\",\"url\":\"https:\\\/\\\/coaching-nlp.hu\\\/en\\\/wp-content\\\/uploads\\\/sites\\\/4\\\/2015\\\/06\\\/Lineo-International-Consulting-Coaching-NLP-Mediation-Lineo-Trainings-4.jpg\",\"contentUrl\":\"https:\\\/\\\/coaching-nlp.hu\\\/en\\\/wp-content\\\/uploads\\\/sites\\\/4\\\/2015\\\/06\\\/Lineo-International-Consulting-Coaching-NLP-Mediation-Lineo-Trainings-4.jpg\",\"width\":1000,\"height\":1000},{\"@type\":\"BreadcrumbList\",\"@id\":\"https:\\\/\\\/coaching-nlp.hu\\\/en\\\/communication-skills-training\\\/#breadcrumb\",\"itemListElement\":[{\"@type\":\"ListItem\",\"position\":1,\"name\":\"Home\",\"item\":\"https:\\\/\\\/coaching-nlp.hu\\\/en\\\/\"},{\"@type\":\"ListItem\",\"position\":2,\"name\":\"Communication Skills Training\"}]},{\"@type\":\"WebSite\",\"@id\":\"https:\\\/\\\/coaching-nlp.hu\\\/en\\\/#website\",\"url\":\"https:\\\/\\\/coaching-nlp.hu\\\/en\\\/\",\"name\":\"LINEO International Consulting Ltd.\",\"description\":\"Life-, business coaching; medi\u00e1ci\u00f3; szakir\u00e1ny\u00fa akkredit\u00e1lt k\u00e9pz\u00e9sek\",\"potentialAction\":[{\"@type\":\"SearchAction\",\"target\":{\"@type\":\"EntryPoint\",\"urlTemplate\":\"https:\\\/\\\/coaching-nlp.hu\\\/en\\\/?s={search_term_string}\"},\"query-input\":{\"@type\":\"PropertyValueSpecification\",\"valueRequired\":true,\"valueName\":\"search_term_string\"}}],\"inLanguage\":\"en-US\"}]}<\/script>\n<!-- \/ Yoast SEO plugin. -->","yoast_head_json":{"title":"Communication Skills Training - LINEO International Consulting Ltd.","robots":{"index":"index","follow":"follow","max-snippet":"max-snippet:-1","max-image-preview":"max-image-preview:large","max-video-preview":"max-video-preview:-1"},"canonical":"https:\/\/coaching-nlp.hu\/en\/communication-skills-training\/","og_locale":"en_US","og_type":"article","og_title":"Communication Skills Training - LINEO International Consulting Ltd.","og_description":"Communication Skills Training - Lineo Trainings - Lineo Trainings Would you say that you already have perfect communication skills? Would you agree that you could improve your communication skills? And if you improved your communication skills, do you think you would benefit from that improvement? Communication is the art of transferring your ideas, your information and emotions into the minds of others.","og_url":"https:\/\/coaching-nlp.hu\/en\/communication-skills-training\/","og_site_name":"LINEO International Consulting Ltd.","article_modified_time":"2015-06-10T12:11:32+00:00","og_image":[{"width":1000,"height":1000,"url":"https:\/\/coaching-nlp.hu\/en\/wp-content\/uploads\/sites\/4\/2015\/06\/Lineo-International-Consulting-Coaching-NLP-Mediation-Lineo-Trainings-4.jpg","type":"image\/jpeg"}],"twitter_card":"summary_large_image","twitter_misc":{"Est. reading time":"5 minutes"},"schema":{"@context":"https:\/\/schema.org","@graph":[{"@type":"WebPage","@id":"https:\/\/coaching-nlp.hu\/en\/communication-skills-training\/","url":"https:\/\/coaching-nlp.hu\/en\/communication-skills-training\/","name":"Communication Skills Training - LINEO International Consulting Ltd.","isPartOf":{"@id":"https:\/\/coaching-nlp.hu\/en\/#website"},"primaryImageOfPage":{"@id":"https:\/\/coaching-nlp.hu\/en\/communication-skills-training\/#primaryimage"},"image":{"@id":"https:\/\/coaching-nlp.hu\/en\/communication-skills-training\/#primaryimage"},"thumbnailUrl":"https:\/\/coaching-nlp.hu\/en\/wp-content\/uploads\/sites\/4\/2015\/06\/Lineo-International-Consulting-Coaching-NLP-Mediation-Lineo-Trainings-4.jpg","datePublished":"2015-06-10T12:07:44+00:00","dateModified":"2015-06-10T12:11:32+00:00","breadcrumb":{"@id":"https:\/\/coaching-nlp.hu\/en\/communication-skills-training\/#breadcrumb"},"inLanguage":"en-US","potentialAction":[{"@type":"ReadAction","target":["https:\/\/coaching-nlp.hu\/en\/communication-skills-training\/"]}]},{"@type":"ImageObject","inLanguage":"en-US","@id":"https:\/\/coaching-nlp.hu\/en\/communication-skills-training\/#primaryimage","url":"https:\/\/coaching-nlp.hu\/en\/wp-content\/uploads\/sites\/4\/2015\/06\/Lineo-International-Consulting-Coaching-NLP-Mediation-Lineo-Trainings-4.jpg","contentUrl":"https:\/\/coaching-nlp.hu\/en\/wp-content\/uploads\/sites\/4\/2015\/06\/Lineo-International-Consulting-Coaching-NLP-Mediation-Lineo-Trainings-4.jpg","width":1000,"height":1000},{"@type":"BreadcrumbList","@id":"https:\/\/coaching-nlp.hu\/en\/communication-skills-training\/#breadcrumb","itemListElement":[{"@type":"ListItem","position":1,"name":"Home","item":"https:\/\/coaching-nlp.hu\/en\/"},{"@type":"ListItem","position":2,"name":"Communication Skills Training"}]},{"@type":"WebSite","@id":"https:\/\/coaching-nlp.hu\/en\/#website","url":"https:\/\/coaching-nlp.hu\/en\/","name":"LINEO International Consulting Ltd.","description":"Life-, business coaching; medi\u00e1ci\u00f3; szakir\u00e1ny\u00fa akkredit\u00e1lt k\u00e9pz\u00e9sek","potentialAction":[{"@type":"SearchAction","target":{"@type":"EntryPoint","urlTemplate":"https:\/\/coaching-nlp.hu\/en\/?s={search_term_string}"},"query-input":{"@type":"PropertyValueSpecification","valueRequired":true,"valueName":"search_term_string"}}],"inLanguage":"en-US"}]}},"_links":{"self":[{"href":"https:\/\/coaching-nlp.hu\/en\/wp-json\/wp\/v2\/pages\/1819","targetHints":{"allow":["GET"]}}],"collection":[{"href":"https:\/\/coaching-nlp.hu\/en\/wp-json\/wp\/v2\/pages"}],"about":[{"href":"https:\/\/coaching-nlp.hu\/en\/wp-json\/wp\/v2\/types\/page"}],"author":[{"embeddable":true,"href":"https:\/\/coaching-nlp.hu\/en\/wp-json\/wp\/v2\/users\/1"}],"replies":[{"embeddable":true,"href":"https:\/\/coaching-nlp.hu\/en\/wp-json\/wp\/v2\/comments?post=1819"}],"version-history":[{"count":3,"href":"https:\/\/coaching-nlp.hu\/en\/wp-json\/wp\/v2\/pages\/1819\/revisions"}],"predecessor-version":[{"id":1825,"href":"https:\/\/coaching-nlp.hu\/en\/wp-json\/wp\/v2\/pages\/1819\/revisions\/1825"}],"wp:featuredmedia":[{"embeddable":true,"href":"https:\/\/coaching-nlp.hu\/en\/wp-json\/wp\/v2\/media\/1820"}],"wp:attachment":[{"href":"https:\/\/coaching-nlp.hu\/en\/wp-json\/wp\/v2\/media?parent=1819"}],"curies":[{"name":"wp","href":"https:\/\/api.w.org\/{rel}","templated":true}]}}