{"id":1841,"date":"2015-06-10T13:05:09","date_gmt":"2015-06-10T13:05:09","guid":{"rendered":"http:\/\/coaching-nlp.hu\/en\/?page_id=1841"},"modified":"2015-06-10T13:14:20","modified_gmt":"2015-06-10T13:14:20","slug":"personal-effectiveness-training","status":"publish","type":"page","link":"https:\/\/coaching-nlp.hu\/en\/personal-effectiveness-training\/","title":{"rendered":"Personal Effectiveness Training"},"content":{"rendered":"[vc_row][vc_column width=&#8221;1\/1&#8243;][heading subtitle=&#8221;2 days course&#8221;]Personal Effectiveness Training[\/heading][vc_column_text]Personal effectiveness is a measure of your ability to get the best performance from yourself and others. Remember that you are not necessarily paid for how much effort you make.<br \/>\nNo.<\/p>\n<p>Instead, you are judged primarily on your ability to make progress towards the achievement of your goals with the minimum expenditure of money, time and effort.<\/p>\n<p>And you are paid partly on how well you can gain the cooperative assistance of others.<\/p>\n<p><strong>If you want to increase your ability to get the best performance from yourself and others, then you will love this course.<\/strong><\/p>\n<p>This course is intended to help you develop the following skills: Goal setting, accurate language, planning ahead- time management, conflict management, managing your own emotions and inspiring others.<br \/>\nThis personal effectiveness course will help you to perfect all six skill sets.[\/vc_column_text][divider line_type=&#8221;No Line&#8221; custom_height=&#8221;20&#8243;][\/vc_column][\/vc_row][vc_row][vc_column width=&#8221;1\/1&#8243; animation=&#8221;none&#8221; column_padding=&#8221;no-extra-padding&#8221; background_color_opacity=&#8221;1&#8243; font_color=&#8221;#0066bf&#8221;][vc_text_separator title=&#8221;About the Course&#8221; title_align=&#8221;separator_align_left&#8221;][\/vc_column][\/vc_row][vc_row][vc_column width=&#8221;1\/1&#8243;][vc_column_text]Personal effectiveness training is a combination of six skills.<br \/>\n\u2022 Setting and achieving your goals<br \/>\n\u2022 Communicating your message<br \/>\n\u2022 The ability to build practical plans of action<br \/>\n\u2022 The ability to handle difficult people<br \/>\n\u2022 The ability to develop self-confidence, self-motivation and personal initiative<br \/>\n\u2022 The ability to inspire confidence, motivation and initiative IN OTHERS[\/vc_column_text][divider line_type=&#8221;No Line&#8221; custom_height=&#8221;30&#8243;][\/vc_column][\/vc_row][vc_row][vc_column width=&#8221;1\/1&#8243; animation=&#8221;none&#8221; column_padding=&#8221;no-extra-padding&#8221; background_color_opacity=&#8221;1&#8243; font_color=&#8221;#0066bf&#8221;][vc_text_separator title=&#8221;Conflict Management Course Objectives&#8221; title_align=&#8221;separator_align_left&#8221;][\/vc_column][\/vc_row][vc_row][vc_column width=&#8221;1\/1&#8243; animation=&#8221;none&#8221; column_padding=&#8221;no-extra-padding&#8221; background_color_opacity=&#8221;1&#8243;][vc_column_text]On this course, you will learn exactly how to handle conflict situations and difficult people.<br \/>\nYou will learn what to do:<br \/>\n\u2022 If you believe that the conflicts may sometimes be based on a miscommunication<br \/>\n\u2022 If you have to handle strong, confident characters that you find difficult to deal with<br \/>\n\u2022 If you have to handle moody, emotional characters that you also find difficult<br \/>\n\u2022 If you sometimes lose your temper and make the conflict situation worse &#8211; not better, by saying too much<br \/>\n\u2022 If you leave it and just hope the situation will resolve itself<br \/>\n\u2022 If you wait and wait and wait&#8230;.and then let rip!<br \/>\n\u2022 If you sometimes say to yourself \u201cI know what I mean but I can\u2019t explain it\u201d<br \/>\n\u2022 If you are unsure when it is right and when it is NOT right, to compromise<br \/>\n\u2022 If any of the above descriptions fit you, then the course will be a benefit.[\/vc_column_text][divider line_type=&#8221;No Line&#8221; custom_height=&#8221;30&#8243;][\/vc_column][\/vc_row][vc_row][vc_column width=&#8221;1\/1&#8243; animation=&#8221;none&#8221; column_padding=&#8221;no-extra-padding&#8221; background_color_opacity=&#8221;1&#8243; font_color=&#8221;#0066bf&#8221;][vc_text_separator title=&#8221;Personal Effectiveness Course Content &#8211; Headlines&#8221; title_align=&#8221;separator_align_left&#8221;][\/vc_column][\/vc_row][vc_row][vc_column width=&#8221;1\/1&#8243; animation=&#8221;none&#8221; column_padding=&#8221;no-extra-padding&#8221; background_color_opacity=&#8221;1&#8243;][vc_column_text]We need to answer this question: How do you get the best from yourself and others?<br \/>\nYou need to get the best performance from other people. But the only way to do that is to first, get the best performance from yourself.<br \/>\nHow can you get the best performance from yourself? Develop the key skills of personal effectiveness.<\/p>\n<p><strong>The six key skills of personal effectiveness<\/strong><br \/>\n1. Setting realistic goals<br \/>\n2. To clearly and accurately communicate your message<br \/>\n3. To be able to write good plans<br \/>\n4. To handle conflict assertively but fairly and calmly<br \/>\n5. To self-inspire and develop self confidence<br \/>\n6. To inspire confidence and motivation in others around you.<\/p>\n<p><strong>Conflict Management<br \/>\nTime Planning and Personal management<br \/>\nAsk yourself: Who wastes my time? Who and what causes me to be busy; but not productive<br \/>\nHow to delegate your lower value tasks<br \/>\nHow to prioritise<br \/>\nHow to make accurate decisions<br \/>\nHow to handle interruptions<br \/>\nHow your attitude is self-fulfilling<br \/>\nManage your thoughts and you will manage your feelings<br \/>\nHow to sustain your energy<br \/>\nManage your own conversation<\/strong>[\/vc_column_text][divider line_type=&#8221;No Line&#8221; custom_height=&#8221;30&#8243;][\/vc_column][\/vc_row][vc_row][vc_column width=&#8221;1\/1&#8243; animation=&#8221;none&#8221; column_padding=&#8221;no-extra-padding&#8221; background_color_opacity=&#8221;1&#8243; font_color=&#8221;#0066bf&#8221;][vc_text_separator title=&#8221;The Training Method&#8221; title_align=&#8221;separator_align_left&#8221;][\/vc_column][\/vc_row][vc_row][vc_column width=&#8221;1\/1&#8243;][vc_column_text]All our trainings are based on the <strong>Lineo Coaching<sup>TM<\/sup><\/strong> unique and innovative method of teaching. <strong>Lineo Coaching<sup>TM<\/sup><\/strong> was developed by <strong>Marta S. Toth<\/strong> and combine knowledge and techniques of Coaching, NLP and Mediation.<br \/>\n<a title=\"About Us\" href=\"http:\/\/coaching-nlp.hu\/en\/lineo\/about-us\/\">Read more about Marta.<\/a><\/p>\n<p>The training method follows this general pattern &#8211; the training is very interactive and inovative:<br \/>\n\u2022 The trainer gives a clear explanation of the point in question with specific examples.<br \/>\n\u2022 Then, the delegates practice by doing an exercise with each other.<br \/>\n\u2022 The delegates practice by doing exercise with the trainer.<br \/>\n\u2022 Delegates are asked to write down an associated action, for each point made.[\/vc_column_text][divider line_type=&#8221;No Line&#8221; custom_height=&#8221;30&#8243;][\/vc_column][\/vc_row][vc_row][vc_column width=&#8221;1\/1&#8243; animation=&#8221;none&#8221; column_padding=&#8221;no-extra-padding&#8221; background_color_opacity=&#8221;1&#8243; font_color=&#8221;#0066bf&#8221;][vc_text_separator title=&#8221;Training Details&#8221; title_align=&#8221;separator_align_left&#8221;][\/vc_column][\/vc_row][vc_row][vc_column width=&#8221;1\/1&#8243;][vc_column_text]<strong>Please note all our training courses include two coaching sessions for each participants. The coaching sessions can be 1-on-1 (in our office), via telephone or Skype.<\/strong><\/p>\n<p>We offer <strong>Personal Effectiveness Training <\/strong> as a two days in house course. However if this course is not exactly right for you, we will be very happy to discuss your specific goals and to work with you to put together a bespoke programme.<\/p>\n<p>Please call us on <strong>+36 70 394 5336<\/strong> to discuss your requirements for the in house training course.<\/p>\n<p>If you want to know more about any Management Training Course or their suitability for you or a colleague call us on <strong>+36 70 394 5336<\/strong> or email us: <strong>office@lineo.co.uk<\/strong>[\/vc_column_text][\/vc_column][\/vc_row]\n","protected":false},"excerpt":{"rendered":"<p>Personal Effectiveness Training &#8211; Lineo Trainings<br \/>\nPersonal effectiveness is a measure of your ability to get the best performance from yourself and others. Remember that you are not necessarily paid for how much effort you make.<br \/>\nInstead, you are judged primarily on your ability to make progress towards the achievement of your goals with the minimum expenditure of money, time and effort.<br \/>\nAnd you are paid partly on how well you can gain the cooperative assistance of others.<\/p>\n","protected":false},"author":1,"featured_media":1842,"parent":0,"menu_order":0,"comment_status":"closed","ping_status":"closed","template":"page-sidebar.php","meta":{"footnotes":""},"class_list":["post-1841","page","type-page","status-publish","has-post-thumbnail"],"yoast_head":"<!-- This site is optimized with the Yoast SEO plugin v27.4 - https:\/\/yoast.com\/product\/yoast-seo-wordpress\/ -->\n<title>Personal Effectiveness Training - LINEO International Consulting Ltd.<\/title>\n<meta name=\"robots\" content=\"index, follow, max-snippet:-1, max-image-preview:large, max-video-preview:-1\" \/>\n<link rel=\"canonical\" href=\"https:\/\/coaching-nlp.hu\/en\/personal-effectiveness-training\/\" \/>\n<meta property=\"og:locale\" content=\"en_US\" \/>\n<meta property=\"og:type\" content=\"article\" \/>\n<meta property=\"og:title\" content=\"Personal Effectiveness Training - LINEO International Consulting Ltd.\" \/>\n<meta property=\"og:description\" content=\"Personal Effectiveness Training - Lineo Trainings Personal effectiveness is a measure of your ability to get the best performance from yourself and others. Remember that you are not necessarily paid for how much effort you make. Instead, you are judged primarily on your ability to make progress towards the achievement of your goals with the minimum expenditure of money, time and effort. And you are paid partly on how well you can gain the cooperative assistance of others.\" \/>\n<meta property=\"og:url\" content=\"https:\/\/coaching-nlp.hu\/en\/personal-effectiveness-training\/\" \/>\n<meta property=\"og:site_name\" content=\"LINEO International Consulting Ltd.\" \/>\n<meta property=\"article:modified_time\" content=\"2015-06-10T13:14:20+00:00\" \/>\n<meta property=\"og:image\" content=\"https:\/\/coaching-nlp.hu\/en\/wp-content\/uploads\/sites\/4\/2015\/06\/Lineo-International-Consulting-Coaching-NLP-Mediation-Lineo-Trainings-7.jpg\" \/>\n\t<meta property=\"og:image:width\" content=\"902\" \/>\n\t<meta property=\"og:image:height\" content=\"902\" \/>\n\t<meta property=\"og:image:type\" content=\"image\/jpeg\" \/>\n<meta name=\"twitter:card\" content=\"summary_large_image\" \/>\n<meta name=\"twitter:label1\" content=\"Est. reading time\" \/>\n\t<meta name=\"twitter:data1\" content=\"5 minutes\" \/>\n<script type=\"application\/ld+json\" class=\"yoast-schema-graph\">{\"@context\":\"https:\\\/\\\/schema.org\",\"@graph\":[{\"@type\":\"WebPage\",\"@id\":\"https:\\\/\\\/coaching-nlp.hu\\\/en\\\/personal-effectiveness-training\\\/\",\"url\":\"https:\\\/\\\/coaching-nlp.hu\\\/en\\\/personal-effectiveness-training\\\/\",\"name\":\"Personal Effectiveness Training - LINEO International Consulting Ltd.\",\"isPartOf\":{\"@id\":\"https:\\\/\\\/coaching-nlp.hu\\\/en\\\/#website\"},\"primaryImageOfPage\":{\"@id\":\"https:\\\/\\\/coaching-nlp.hu\\\/en\\\/personal-effectiveness-training\\\/#primaryimage\"},\"image\":{\"@id\":\"https:\\\/\\\/coaching-nlp.hu\\\/en\\\/personal-effectiveness-training\\\/#primaryimage\"},\"thumbnailUrl\":\"https:\\\/\\\/coaching-nlp.hu\\\/en\\\/wp-content\\\/uploads\\\/sites\\\/4\\\/2015\\\/06\\\/Lineo-International-Consulting-Coaching-NLP-Mediation-Lineo-Trainings-7.jpg\",\"datePublished\":\"2015-06-10T13:05:09+00:00\",\"dateModified\":\"2015-06-10T13:14:20+00:00\",\"breadcrumb\":{\"@id\":\"https:\\\/\\\/coaching-nlp.hu\\\/en\\\/personal-effectiveness-training\\\/#breadcrumb\"},\"inLanguage\":\"en-US\",\"potentialAction\":[{\"@type\":\"ReadAction\",\"target\":[\"https:\\\/\\\/coaching-nlp.hu\\\/en\\\/personal-effectiveness-training\\\/\"]}]},{\"@type\":\"ImageObject\",\"inLanguage\":\"en-US\",\"@id\":\"https:\\\/\\\/coaching-nlp.hu\\\/en\\\/personal-effectiveness-training\\\/#primaryimage\",\"url\":\"https:\\\/\\\/coaching-nlp.hu\\\/en\\\/wp-content\\\/uploads\\\/sites\\\/4\\\/2015\\\/06\\\/Lineo-International-Consulting-Coaching-NLP-Mediation-Lineo-Trainings-7.jpg\",\"contentUrl\":\"https:\\\/\\\/coaching-nlp.hu\\\/en\\\/wp-content\\\/uploads\\\/sites\\\/4\\\/2015\\\/06\\\/Lineo-International-Consulting-Coaching-NLP-Mediation-Lineo-Trainings-7.jpg\",\"width\":902,\"height\":902},{\"@type\":\"BreadcrumbList\",\"@id\":\"https:\\\/\\\/coaching-nlp.hu\\\/en\\\/personal-effectiveness-training\\\/#breadcrumb\",\"itemListElement\":[{\"@type\":\"ListItem\",\"position\":1,\"name\":\"Home\",\"item\":\"https:\\\/\\\/coaching-nlp.hu\\\/en\\\/\"},{\"@type\":\"ListItem\",\"position\":2,\"name\":\"Personal Effectiveness Training\"}]},{\"@type\":\"WebSite\",\"@id\":\"https:\\\/\\\/coaching-nlp.hu\\\/en\\\/#website\",\"url\":\"https:\\\/\\\/coaching-nlp.hu\\\/en\\\/\",\"name\":\"LINEO International Consulting Ltd.\",\"description\":\"Life-, business coaching; medi\u00e1ci\u00f3; szakir\u00e1ny\u00fa akkredit\u00e1lt k\u00e9pz\u00e9sek\",\"potentialAction\":[{\"@type\":\"SearchAction\",\"target\":{\"@type\":\"EntryPoint\",\"urlTemplate\":\"https:\\\/\\\/coaching-nlp.hu\\\/en\\\/?s={search_term_string}\"},\"query-input\":{\"@type\":\"PropertyValueSpecification\",\"valueRequired\":true,\"valueName\":\"search_term_string\"}}],\"inLanguage\":\"en-US\"}]}<\/script>\n<!-- \/ Yoast SEO plugin. -->","yoast_head_json":{"title":"Personal Effectiveness Training - LINEO International Consulting Ltd.","robots":{"index":"index","follow":"follow","max-snippet":"max-snippet:-1","max-image-preview":"max-image-preview:large","max-video-preview":"max-video-preview:-1"},"canonical":"https:\/\/coaching-nlp.hu\/en\/personal-effectiveness-training\/","og_locale":"en_US","og_type":"article","og_title":"Personal Effectiveness Training - LINEO International Consulting Ltd.","og_description":"Personal Effectiveness Training - Lineo Trainings Personal effectiveness is a measure of your ability to get the best performance from yourself and others. Remember that you are not necessarily paid for how much effort you make. Instead, you are judged primarily on your ability to make progress towards the achievement of your goals with the minimum expenditure of money, time and effort. And you are paid partly on how well you can gain the cooperative assistance of others.","og_url":"https:\/\/coaching-nlp.hu\/en\/personal-effectiveness-training\/","og_site_name":"LINEO International Consulting Ltd.","article_modified_time":"2015-06-10T13:14:20+00:00","og_image":[{"width":902,"height":902,"url":"https:\/\/coaching-nlp.hu\/en\/wp-content\/uploads\/sites\/4\/2015\/06\/Lineo-International-Consulting-Coaching-NLP-Mediation-Lineo-Trainings-7.jpg","type":"image\/jpeg"}],"twitter_card":"summary_large_image","twitter_misc":{"Est. reading time":"5 minutes"},"schema":{"@context":"https:\/\/schema.org","@graph":[{"@type":"WebPage","@id":"https:\/\/coaching-nlp.hu\/en\/personal-effectiveness-training\/","url":"https:\/\/coaching-nlp.hu\/en\/personal-effectiveness-training\/","name":"Personal Effectiveness Training - LINEO International Consulting Ltd.","isPartOf":{"@id":"https:\/\/coaching-nlp.hu\/en\/#website"},"primaryImageOfPage":{"@id":"https:\/\/coaching-nlp.hu\/en\/personal-effectiveness-training\/#primaryimage"},"image":{"@id":"https:\/\/coaching-nlp.hu\/en\/personal-effectiveness-training\/#primaryimage"},"thumbnailUrl":"https:\/\/coaching-nlp.hu\/en\/wp-content\/uploads\/sites\/4\/2015\/06\/Lineo-International-Consulting-Coaching-NLP-Mediation-Lineo-Trainings-7.jpg","datePublished":"2015-06-10T13:05:09+00:00","dateModified":"2015-06-10T13:14:20+00:00","breadcrumb":{"@id":"https:\/\/coaching-nlp.hu\/en\/personal-effectiveness-training\/#breadcrumb"},"inLanguage":"en-US","potentialAction":[{"@type":"ReadAction","target":["https:\/\/coaching-nlp.hu\/en\/personal-effectiveness-training\/"]}]},{"@type":"ImageObject","inLanguage":"en-US","@id":"https:\/\/coaching-nlp.hu\/en\/personal-effectiveness-training\/#primaryimage","url":"https:\/\/coaching-nlp.hu\/en\/wp-content\/uploads\/sites\/4\/2015\/06\/Lineo-International-Consulting-Coaching-NLP-Mediation-Lineo-Trainings-7.jpg","contentUrl":"https:\/\/coaching-nlp.hu\/en\/wp-content\/uploads\/sites\/4\/2015\/06\/Lineo-International-Consulting-Coaching-NLP-Mediation-Lineo-Trainings-7.jpg","width":902,"height":902},{"@type":"BreadcrumbList","@id":"https:\/\/coaching-nlp.hu\/en\/personal-effectiveness-training\/#breadcrumb","itemListElement":[{"@type":"ListItem","position":1,"name":"Home","item":"https:\/\/coaching-nlp.hu\/en\/"},{"@type":"ListItem","position":2,"name":"Personal Effectiveness Training"}]},{"@type":"WebSite","@id":"https:\/\/coaching-nlp.hu\/en\/#website","url":"https:\/\/coaching-nlp.hu\/en\/","name":"LINEO International Consulting Ltd.","description":"Life-, business coaching; medi\u00e1ci\u00f3; szakir\u00e1ny\u00fa akkredit\u00e1lt k\u00e9pz\u00e9sek","potentialAction":[{"@type":"SearchAction","target":{"@type":"EntryPoint","urlTemplate":"https:\/\/coaching-nlp.hu\/en\/?s={search_term_string}"},"query-input":{"@type":"PropertyValueSpecification","valueRequired":true,"valueName":"search_term_string"}}],"inLanguage":"en-US"}]}},"_links":{"self":[{"href":"https:\/\/coaching-nlp.hu\/en\/wp-json\/wp\/v2\/pages\/1841","targetHints":{"allow":["GET"]}}],"collection":[{"href":"https:\/\/coaching-nlp.hu\/en\/wp-json\/wp\/v2\/pages"}],"about":[{"href":"https:\/\/coaching-nlp.hu\/en\/wp-json\/wp\/v2\/types\/page"}],"author":[{"embeddable":true,"href":"https:\/\/coaching-nlp.hu\/en\/wp-json\/wp\/v2\/users\/1"}],"replies":[{"embeddable":true,"href":"https:\/\/coaching-nlp.hu\/en\/wp-json\/wp\/v2\/comments?post=1841"}],"version-history":[{"count":3,"href":"https:\/\/coaching-nlp.hu\/en\/wp-json\/wp\/v2\/pages\/1841\/revisions"}],"predecessor-version":[{"id":1847,"href":"https:\/\/coaching-nlp.hu\/en\/wp-json\/wp\/v2\/pages\/1841\/revisions\/1847"}],"wp:featuredmedia":[{"embeddable":true,"href":"https:\/\/coaching-nlp.hu\/en\/wp-json\/wp\/v2\/media\/1842"}],"wp:attachment":[{"href":"https:\/\/coaching-nlp.hu\/en\/wp-json\/wp\/v2\/media?parent=1841"}],"curies":[{"name":"wp","href":"https:\/\/api.w.org\/{rel}","templated":true}]}}