{"id":1856,"date":"2015-06-10T14:56:14","date_gmt":"2015-06-10T14:56:14","guid":{"rendered":"http:\/\/coaching-nlp.hu\/en\/?page_id=1856"},"modified":"2015-06-11T15:08:06","modified_gmt":"2015-06-11T15:08:06","slug":"lineo-business-trainings","status":"publish","type":"page","link":"https:\/\/coaching-nlp.hu\/en\/lineo-business-trainings\/","title":{"rendered":"Lineo Business Trainings"},"content":{"rendered":"[vc_row][vc_column width=&#8221;1\/1&#8243;][heading subtitle=&#8221;&#8220;a life changing experience!&#8220;&#8221;]Lineo Business Trainings[\/heading][\/vc_column][\/vc_row][vc_row][vc_column width=&#8221;1\/1&#8243;][vc_column_text]Welcome to Lineo Business Trainings page.<\/p>\n<p>Our management training courses are designed to give you both an effective theory together with the practical skills necessary to put the theory into practice.<br \/>\nThe training style is practical, interactive and keeps the delegates involved throughout the whole training. (No dead spots).<\/p>\n<p>However if you are sure that non of the course is right for you, we will be very happy to discuss your specific goals and to work with you to put together a bespoke programme.<\/p>\n<p>Please call us on <strong>+36 70 394 5336<\/strong> to discuss your requirements for the in house training course.<\/p>\n<p>If you want to know more about any Management Training Course or their suitability for you or a colleague call us on <strong>+36 70 394 5336<\/strong> or email us: <strong>office@lineo.co.uk<\/strong><\/p>\n<p><em>All trainings are available in English, Hungarian or Romanian language. <\/em>[\/vc_column_text][divider line_type=&#8221;Full Width Line&#8221; custom_height=&#8221;0&#8243;][\/vc_column][\/vc_row][vc_row][vc_column width=&#8221;1\/4&#8243;][image_with_animation image_url=&#8221;1778&#8243; animation=&#8221;Fade In&#8221; img_link_target=&#8221;_self&#8221; img_link=&#8221;http:\/\/coaching-nlp.hu\/en\/?p=1777&#8243;][\/vc_column][vc_column width=&#8221;3\/4&#8243;][vc_column_text]\n<h4>Leadership and Management Training<\/h4>\n<p><strong>Develop your leadership and management skills to the next level!<\/strong><br \/>\nThe training purpose would be to improve the personal skills of the leaders and managers, to be better equipped to get the best performance from themselves and the rest of the team.<br \/>\nThe two day course will make you feel more confident, self-assured and motivated. You will gain and practice new skills: Goal setting, the proper use of language, delegating, giving constructive criticism and how to motivate yourself and others.<\/p>\n<p><a href=\"http:\/\/coaching-nlp.hu\/en\/?p=1777\">Read More<\/a>[\/vc_column_text][\/vc_column][\/vc_row][vc_row][vc_column width=&#8221;1\/4&#8243;][image_with_animation image_url=&#8221;1813&#8243; animation=&#8221;Fade In&#8221; img_link_target=&#8221;_self&#8221; img_link=&#8221;http:\/\/coaching-nlp.hu\/en\/?p=1810&#8243;][\/vc_column][vc_column width=&#8221;3\/4&#8243;][vc_column_text]\n<h4>Goal Setting, Communication and Conflict Training<\/h4>\n<p>Goal focus is the common theme that is shared by all successful teams and individuals.<br \/>\nSuccess means the achievement of a worthwhile and valuable goal. Therefore, goal setting is the first step to goal achievement; because you cannot achieve a goal you never set.<br \/>\nOnce you have set the goal, then you need to communicate it to the others; because you need the others\u2019 cooperation, in order to achieve the goal. Now, the level of your communication skills becomes very important.<\/p>\n<p><a href=\"http:\/\/coaching-nlp.hu\/en\/?p=1810\">Read More<\/a>[\/vc_column_text][\/vc_column][\/vc_row][vc_row][vc_column width=&#8221;1\/4&#8243;][image_with_animation image_url=&#8221;1834&#8243; animation=&#8221;Fade In&#8221; img_link_target=&#8221;_self&#8221; img_link=&#8221;http:\/\/coaching-nlp.hu\/en\/?p=1833&#8243;][\/vc_column][vc_column width=&#8221;3\/4&#8243;][vc_column_text]\n<h4>Conflict Management Training<\/h4>\n<p>At work, people disagree. And sometimes these disagreements can develop into arguments; creating a conflict situation.<\/p>\n<p>Conflict management is specialised training that is designed to help you to deal with those difficult, emotional conflict situations, in a more rational, calm and professional manner.<br \/>\nThe important question is: how well do you handle conflict situations? Some people mishandle conflict by coming on too strong. Others are not strong enough. Some people run away and hide from all conflict situations.<\/p>\n<p><a href=\"http:\/\/coaching-nlp.hu\/en\/?p=1833\">Read More<\/a>[\/vc_column_text][\/vc_column][\/vc_row][vc_row][vc_column width=&#8221;1\/4&#8243;][image_with_animation image_url=&#8221;1820&#8243; animation=&#8221;Fade In&#8221; img_link_target=&#8221;_self&#8221; img_link=&#8221;http:\/\/coaching-nlp.hu\/en\/?p=1819&#8243;][\/vc_column][vc_column width=&#8221;3\/4&#8243;][vc_column_text]\n<h4>Communication Skills Training<\/h4>\n<p>Would you say that you already have perfect communication skills?<br \/>\nWould you agree that you could improve your communication skills?<br \/>\nAnd if you improved your communication skills, do you think you would benefit from that improvement?<\/p>\n<p>Communication is the art of transferring your ideas, your information and emotions into the minds of others.<\/p>\n<p><a href=\"http:\/\/coaching-nlp.hu\/en\/?p=1819\">Read More<\/a>[\/vc_column_text][\/vc_column][\/vc_row][vc_row][vc_column width=&#8221;1\/4&#8243;][image_with_animation image_url=&#8221;1827&#8243; animation=&#8221;Fade In&#8221; img_link_target=&#8221;_self&#8221; img_link=&#8221;http:\/\/coaching-nlp.hu\/en\/?p=1826&#8243;][\/vc_column][vc_column width=&#8221;3\/4&#8243;][vc_column_text]\n<h4>Time Management Training<\/h4>\n<p>Are you in need of help with your time management?<br \/>\nDo you find that you are often very busy, but don\u2019t always make enough progress?<\/p>\n<p>So you\u2019re on line looking for a good time management course that will show you exactly how to make more progress in less time.<\/p>\n<p>This unique time management training will show you exactly how to improve your performance; by dropping old bad habits and replacing them with new time management techniques.<\/p>\n<p><a href=\"http:\/\/coaching-nlp.hu\/en\/?p=1826\">Read More<\/a>[\/vc_column_text][\/vc_column][\/vc_row][vc_row][vc_column width=&#8221;1\/4&#8243;][image_with_animation image_url=&#8221;1851&#8243; animation=&#8221;Fade In&#8221; img_link_target=&#8221;_self&#8221; img_link=&#8221;http:\/\/coaching-nlp.hu\/en\/?p=1848&#8243;][\/vc_column][vc_column width=&#8221;3\/4&#8243;][vc_column_text]\n<h4>Team Building Training<\/h4>\n<p>You need your team to be working as a unified and self-reinforcing group; not as a group of fragmented or warring sets.<\/p>\n<p>Unfortunately, some teams fail simply because they do not act as a self-reinforcing group.<br \/>\nSome teams don\u2019t perform well because they contain too many people who don\u2019t want to cooperate; and you may have seen this type of internal struggling in your team, which can have a negative effect on the performance of the team as a whole. And that represents a problem.<\/p>\n<p><a href=\"http:\/\/coaching-nlp.hu\/en\/?p=1848\">Read More<\/a>[\/vc_column_text][\/vc_column][\/vc_row][vc_row][vc_column width=&#8221;1\/4&#8243;][image_with_animation image_url=&#8221;1842&#8243; animation=&#8221;Fade In&#8221; img_link_target=&#8221;_self&#8221; img_link=&#8221;http:\/\/coaching-nlp.hu\/en\/?p=1841&#8243;][\/vc_column][vc_column width=&#8221;3\/4&#8243;][vc_column_text]\n<h4>Personal Effectiveness Training<\/h4>\n<p>Personal effectiveness is a measure of your ability to get the best performance from yourself and others. Remember that you are not necessarily paid for how much effort you make.<br \/>\nNo.<\/p>\n<p>Instead, you are judged primarily on your ability to make progress towards the achievement of your goals with the minimum expenditure of money, time and effort.<br \/>\nAnd you are paid partly on how well you can gain the cooperative assistance of others.<\/p>\n<p><a href=\"http:\/\/coaching-nlp.hu\/en\/?p=1841\">Read More<\/a>[\/vc_column_text][\/vc_column][\/vc_row][vc_row][vc_column width=&#8221;1\/4&#8243;][image_with_animation image_url=&#8221;1806&#8243; animation=&#8221;Fade In&#8221; img_link_target=&#8221;_self&#8221; img_link=&#8221;http:\/\/coaching-nlp.hu\/en\/?p=1799&#8243;][\/vc_column][vc_column width=&#8221;3\/4&#8243;][vc_column_text]\n<h4>Personal Development Training<\/h4>\n<p><strong>Would you like to develop your personal and professional skills?<\/strong><\/p>\n<p>This course can help you: in two ways:<br \/>\n1. By helping you to clarify your thoughts regarding certain elements of your work and speech habits and<br \/>\n2. By, wherever necessary, showing you specific methods that will help you to improve your technique.<\/p>\n<p>This comprehensive training will help you by showing you a set of methods that will allow you to rapidly improve your performance, both at work and at home.<\/p>\n<p><a href=\"http:\/\/coaching-nlp.hu\/en\/?p=1799\">Read More<\/a>[\/vc_column_text][\/vc_column][\/vc_row][vc_row][vc_column width=&#8221;1\/1&#8243;][vc_column_text]\n<h3>Other Trainings<\/h3>\n<p>We have an extensive selection of courses that we have written especially for our clients.<br \/>\nThe next trainings can be book separate or combined with our main trainings. Please contact us to find together what course it&#8217;s &#8220;The Best&#8221; for your organisation.[\/vc_column_text][\/vc_column][\/vc_row][vc_row][vc_column width=&#8221;1\/2&#8243;][vc_column_text]\u2022 Achievement Focus Training<br \/>\n\u2022 Appraisal and Goal Setting Training<br \/>\n\u2022 Assertiveness Skills Training<br \/>\n\u2022 Coaching and Mentoring Training<br \/>\n\u2022 Coaching Skills Training<br \/>\n\u2022 Communication Skills Training<br \/>\n\u2022 Customer Service Training<br \/>\n\u2022 Emotional Intelligence Training<br \/>\n\u2022 Feedback Skills Training<br \/>\n\u2022 Fundamental Management Skills Training<br \/>\n\u2022 Handling Difficult People<br \/>\n\u2022 Hospitality Sector Training[\/vc_column_text][\/vc_column][vc_column width=&#8221;1\/2&#8243;][vc_column_text]\u2022 Intercultural Communication Training<br \/>\n\u2022 Interview Technique Training<br \/>\n\u2022 Negotiation Skills Training<br \/>\n\u2022 Presentation Skills Training<br \/>\n\u2022 Problem Solving Training<br \/>\n\u2022 Recruiting and Interviewing Techniques<br \/>\n\u2022 Release your Sales Potential Training<br \/>\n\u2022 Sales Training &#8211; The Power to Influence<br \/>\n\u2022 Senior Management Training<br \/>\n\u2022 Train the Trainer Course<br \/>\n\u2022 Work-life Balance and Stress Management[\/vc_column_text][\/vc_column][\/vc_row][vc_row][vc_column width=&#8221;1\/3&#8243; animation=&#8221;none&#8221; column_padding=&#8221;no-extra-padding&#8221; background_color_opacity=&#8221;1&#8243;][\/vc_column][vc_column width=&#8221;1\/3&#8243;][divider line_type=&#8221;Full Width Line&#8221; custom_height=&#8221;20&#8243;]<div class=\"iwithtext\"><div class=\"iwt-icon\"> <i class=\"icon-default-style fa fa-phone-square extra-color-1\"><\/i> <\/div><div class=\"iwt-text\"> \n<h3>Call us today: +36 70 394 5336 <\/div><div class=\"clear\"><\/div><\/div>[\/vc_column][vc_column width=&#8221;1\/3&#8243;][\/vc_column][\/vc_row][vc_row][vc_column][vc_column_text]<\/h3>\n[\/vc_column_text][\/vc_column][\/vc_row]\n","protected":false},"excerpt":{"rendered":"<p>Welcome to Lineo Business Trainings page.<\/p>\n<p>Our management training courses are designed to give you both an effective theory together with the practical skills necessary to put the theory into practice.<br \/>\nThe training style is practical, interactive and keeps the delegates involved throughout the whole training. (No dead spots).<\/p>\n","protected":false},"author":1,"featured_media":1858,"parent":0,"menu_order":0,"comment_status":"closed","ping_status":"closed","template":"","meta":{"footnotes":""},"class_list":["post-1856","page","type-page","status-publish","has-post-thumbnail"],"yoast_head":"<!-- This site is optimized with the Yoast SEO plugin v27.4 - https:\/\/yoast.com\/product\/yoast-seo-wordpress\/ -->\n<title>Lineo Business Trainings - LINEO International Consulting Ltd.<\/title>\n<meta name=\"robots\" content=\"index, follow, max-snippet:-1, max-image-preview:large, max-video-preview:-1\" \/>\n<link rel=\"canonical\" href=\"https:\/\/coaching-nlp.hu\/en\/lineo-business-trainings\/\" \/>\n<meta property=\"og:locale\" content=\"en_US\" \/>\n<meta property=\"og:type\" content=\"article\" \/>\n<meta property=\"og:title\" content=\"Lineo Business Trainings - LINEO International Consulting Ltd.\" \/>\n<meta property=\"og:description\" content=\"Welcome to Lineo Business Trainings page.  Our management training courses are designed to give you both an effective theory together with the practical skills necessary to put the theory into practice. The training style is practical, interactive and keeps the delegates involved throughout the whole training. (No dead spots).\" \/>\n<meta property=\"og:url\" content=\"https:\/\/coaching-nlp.hu\/en\/lineo-business-trainings\/\" \/>\n<meta property=\"og:site_name\" content=\"LINEO International Consulting Ltd.\" \/>\n<meta property=\"article:modified_time\" content=\"2015-06-11T15:08:06+00:00\" \/>\n<meta property=\"og:image\" content=\"https:\/\/coaching-nlp.hu\/en\/wp-content\/uploads\/sites\/4\/2015\/06\/Lineo-International-Consulting-Coaching-NLP-Mediation-Lineo-Trainings-T2.jpg\" \/>\n\t<meta property=\"og:image:width\" content=\"1000\" \/>\n\t<meta property=\"og:image:height\" content=\"800\" \/>\n\t<meta property=\"og:image:type\" content=\"image\/jpeg\" \/>\n<meta name=\"twitter:card\" content=\"summary_large_image\" \/>\n<meta name=\"twitter:label1\" content=\"Est. reading time\" \/>\n\t<meta name=\"twitter:data1\" content=\"7 minutes\" \/>\n<script type=\"application\/ld+json\" class=\"yoast-schema-graph\">{\"@context\":\"https:\\\/\\\/schema.org\",\"@graph\":[{\"@type\":\"WebPage\",\"@id\":\"https:\\\/\\\/coaching-nlp.hu\\\/en\\\/lineo-business-trainings\\\/\",\"url\":\"https:\\\/\\\/coaching-nlp.hu\\\/en\\\/lineo-business-trainings\\\/\",\"name\":\"Lineo Business Trainings - LINEO International Consulting Ltd.\",\"isPartOf\":{\"@id\":\"https:\\\/\\\/coaching-nlp.hu\\\/en\\\/#website\"},\"primaryImageOfPage\":{\"@id\":\"https:\\\/\\\/coaching-nlp.hu\\\/en\\\/lineo-business-trainings\\\/#primaryimage\"},\"image\":{\"@id\":\"https:\\\/\\\/coaching-nlp.hu\\\/en\\\/lineo-business-trainings\\\/#primaryimage\"},\"thumbnailUrl\":\"https:\\\/\\\/coaching-nlp.hu\\\/en\\\/wp-content\\\/uploads\\\/sites\\\/4\\\/2015\\\/06\\\/Lineo-International-Consulting-Coaching-NLP-Mediation-Lineo-Trainings-T2.jpg\",\"datePublished\":\"2015-06-10T14:56:14+00:00\",\"dateModified\":\"2015-06-11T15:08:06+00:00\",\"breadcrumb\":{\"@id\":\"https:\\\/\\\/coaching-nlp.hu\\\/en\\\/lineo-business-trainings\\\/#breadcrumb\"},\"inLanguage\":\"en-US\",\"potentialAction\":[{\"@type\":\"ReadAction\",\"target\":[\"https:\\\/\\\/coaching-nlp.hu\\\/en\\\/lineo-business-trainings\\\/\"]}]},{\"@type\":\"ImageObject\",\"inLanguage\":\"en-US\",\"@id\":\"https:\\\/\\\/coaching-nlp.hu\\\/en\\\/lineo-business-trainings\\\/#primaryimage\",\"url\":\"https:\\\/\\\/coaching-nlp.hu\\\/en\\\/wp-content\\\/uploads\\\/sites\\\/4\\\/2015\\\/06\\\/Lineo-International-Consulting-Coaching-NLP-Mediation-Lineo-Trainings-T2.jpg\",\"contentUrl\":\"https:\\\/\\\/coaching-nlp.hu\\\/en\\\/wp-content\\\/uploads\\\/sites\\\/4\\\/2015\\\/06\\\/Lineo-International-Consulting-Coaching-NLP-Mediation-Lineo-Trainings-T2.jpg\",\"width\":1000,\"height\":800},{\"@type\":\"BreadcrumbList\",\"@id\":\"https:\\\/\\\/coaching-nlp.hu\\\/en\\\/lineo-business-trainings\\\/#breadcrumb\",\"itemListElement\":[{\"@type\":\"ListItem\",\"position\":1,\"name\":\"Home\",\"item\":\"https:\\\/\\\/coaching-nlp.hu\\\/en\\\/\"},{\"@type\":\"ListItem\",\"position\":2,\"name\":\"Lineo Business Trainings\"}]},{\"@type\":\"WebSite\",\"@id\":\"https:\\\/\\\/coaching-nlp.hu\\\/en\\\/#website\",\"url\":\"https:\\\/\\\/coaching-nlp.hu\\\/en\\\/\",\"name\":\"LINEO International Consulting Ltd.\",\"description\":\"Life-, business coaching; medi\u00e1ci\u00f3; szakir\u00e1ny\u00fa akkredit\u00e1lt k\u00e9pz\u00e9sek\",\"potentialAction\":[{\"@type\":\"SearchAction\",\"target\":{\"@type\":\"EntryPoint\",\"urlTemplate\":\"https:\\\/\\\/coaching-nlp.hu\\\/en\\\/?s={search_term_string}\"},\"query-input\":{\"@type\":\"PropertyValueSpecification\",\"valueRequired\":true,\"valueName\":\"search_term_string\"}}],\"inLanguage\":\"en-US\"}]}<\/script>\n<!-- \/ Yoast SEO plugin. -->","yoast_head_json":{"title":"Lineo Business Trainings - LINEO International Consulting Ltd.","robots":{"index":"index","follow":"follow","max-snippet":"max-snippet:-1","max-image-preview":"max-image-preview:large","max-video-preview":"max-video-preview:-1"},"canonical":"https:\/\/coaching-nlp.hu\/en\/lineo-business-trainings\/","og_locale":"en_US","og_type":"article","og_title":"Lineo Business Trainings - LINEO International Consulting Ltd.","og_description":"Welcome to Lineo Business Trainings page.  Our management training courses are designed to give you both an effective theory together with the practical skills necessary to put the theory into practice. The training style is practical, interactive and keeps the delegates involved throughout the whole training. (No dead spots).","og_url":"https:\/\/coaching-nlp.hu\/en\/lineo-business-trainings\/","og_site_name":"LINEO International Consulting Ltd.","article_modified_time":"2015-06-11T15:08:06+00:00","og_image":[{"width":1000,"height":800,"url":"https:\/\/coaching-nlp.hu\/en\/wp-content\/uploads\/sites\/4\/2015\/06\/Lineo-International-Consulting-Coaching-NLP-Mediation-Lineo-Trainings-T2.jpg","type":"image\/jpeg"}],"twitter_card":"summary_large_image","twitter_misc":{"Est. reading time":"7 minutes"},"schema":{"@context":"https:\/\/schema.org","@graph":[{"@type":"WebPage","@id":"https:\/\/coaching-nlp.hu\/en\/lineo-business-trainings\/","url":"https:\/\/coaching-nlp.hu\/en\/lineo-business-trainings\/","name":"Lineo Business Trainings - LINEO International Consulting Ltd.","isPartOf":{"@id":"https:\/\/coaching-nlp.hu\/en\/#website"},"primaryImageOfPage":{"@id":"https:\/\/coaching-nlp.hu\/en\/lineo-business-trainings\/#primaryimage"},"image":{"@id":"https:\/\/coaching-nlp.hu\/en\/lineo-business-trainings\/#primaryimage"},"thumbnailUrl":"https:\/\/coaching-nlp.hu\/en\/wp-content\/uploads\/sites\/4\/2015\/06\/Lineo-International-Consulting-Coaching-NLP-Mediation-Lineo-Trainings-T2.jpg","datePublished":"2015-06-10T14:56:14+00:00","dateModified":"2015-06-11T15:08:06+00:00","breadcrumb":{"@id":"https:\/\/coaching-nlp.hu\/en\/lineo-business-trainings\/#breadcrumb"},"inLanguage":"en-US","potentialAction":[{"@type":"ReadAction","target":["https:\/\/coaching-nlp.hu\/en\/lineo-business-trainings\/"]}]},{"@type":"ImageObject","inLanguage":"en-US","@id":"https:\/\/coaching-nlp.hu\/en\/lineo-business-trainings\/#primaryimage","url":"https:\/\/coaching-nlp.hu\/en\/wp-content\/uploads\/sites\/4\/2015\/06\/Lineo-International-Consulting-Coaching-NLP-Mediation-Lineo-Trainings-T2.jpg","contentUrl":"https:\/\/coaching-nlp.hu\/en\/wp-content\/uploads\/sites\/4\/2015\/06\/Lineo-International-Consulting-Coaching-NLP-Mediation-Lineo-Trainings-T2.jpg","width":1000,"height":800},{"@type":"BreadcrumbList","@id":"https:\/\/coaching-nlp.hu\/en\/lineo-business-trainings\/#breadcrumb","itemListElement":[{"@type":"ListItem","position":1,"name":"Home","item":"https:\/\/coaching-nlp.hu\/en\/"},{"@type":"ListItem","position":2,"name":"Lineo Business Trainings"}]},{"@type":"WebSite","@id":"https:\/\/coaching-nlp.hu\/en\/#website","url":"https:\/\/coaching-nlp.hu\/en\/","name":"LINEO International Consulting Ltd.","description":"Life-, business coaching; medi\u00e1ci\u00f3; szakir\u00e1ny\u00fa akkredit\u00e1lt k\u00e9pz\u00e9sek","potentialAction":[{"@type":"SearchAction","target":{"@type":"EntryPoint","urlTemplate":"https:\/\/coaching-nlp.hu\/en\/?s={search_term_string}"},"query-input":{"@type":"PropertyValueSpecification","valueRequired":true,"valueName":"search_term_string"}}],"inLanguage":"en-US"}]}},"_links":{"self":[{"href":"https:\/\/coaching-nlp.hu\/en\/wp-json\/wp\/v2\/pages\/1856","targetHints":{"allow":["GET"]}}],"collection":[{"href":"https:\/\/coaching-nlp.hu\/en\/wp-json\/wp\/v2\/pages"}],"about":[{"href":"https:\/\/coaching-nlp.hu\/en\/wp-json\/wp\/v2\/types\/page"}],"author":[{"embeddable":true,"href":"https:\/\/coaching-nlp.hu\/en\/wp-json\/wp\/v2\/users\/1"}],"replies":[{"embeddable":true,"href":"https:\/\/coaching-nlp.hu\/en\/wp-json\/wp\/v2\/comments?post=1856"}],"version-history":[{"count":23,"href":"https:\/\/coaching-nlp.hu\/en\/wp-json\/wp\/v2\/pages\/1856\/revisions"}],"predecessor-version":[{"id":1891,"href":"https:\/\/coaching-nlp.hu\/en\/wp-json\/wp\/v2\/pages\/1856\/revisions\/1891"}],"wp:featuredmedia":[{"embeddable":true,"href":"https:\/\/coaching-nlp.hu\/en\/wp-json\/wp\/v2\/media\/1858"}],"wp:attachment":[{"href":"https:\/\/coaching-nlp.hu\/en\/wp-json\/wp\/v2\/media?parent=1856"}],"curies":[{"name":"wp","href":"https:\/\/api.w.org\/{rel}","templated":true}]}}