{"id":407,"date":"2014-06-18T08:53:48","date_gmt":"2014-06-18T08:53:48","guid":{"rendered":"http:\/\/coaching-nlp.hu\/en\/?page_id=407"},"modified":"2014-06-18T08:58:03","modified_gmt":"2014-06-18T08:58:03","slug":"a-coachingrol","status":"publish","type":"page","link":"https:\/\/coaching-nlp.hu\/en\/lineo-international-consulting\/coaching\/a-coachingrol\/","title":{"rendered":"A Coachingr\u00f3l"},"content":{"rendered":"<p>Mikor seg\u00edt a coaching?<\/p>\n<p>Ha:<\/p>\n<ul>\n<li>\u00fagy \u00e9rzi, hogy lejt\u0151re ker\u00fclt \u00e9lete \u00e9s nem tal\u00e1lja a f\u00e9ket, amivel ezt meg\u00e1ll\u00edthatn\u00e1,<\/li>\n<li>szorong a j\u00f6v\u0151je miatt,<\/li>\n<li>megoldatlan probl\u00e9m\u00e1i vannak, melyek konfliktust okoznak csal\u00e1di \u00e9let\u00e9ben, vagy munk\u00e1j\u00e1ban,<\/li>\n<li>\u00faj sikereket szeretne el\u00e9rni,<\/li>\n<li>mag\u00e1nyos,<\/li>\n<li>\u00fagy \u00e9rzi, hogy a k\u00f6rnyezete nem \u00e9rti meg,<\/li>\n<li>keresi \u00e9lete p\u00e1rj\u00e1t,<\/li>\n<li>v\u00e1lni szeretne, de m\u00e9g nem d\u00f6nt\u00f6tt,<\/li>\n<li>nem l\u00e1tja pontosan merre tart vagy tarthat az \u00e9lete,<\/li>\n<li>egy tiszta \u00f6nk\u00e9pet szeretne kapni mag\u00e1r\u00f3l.<\/li>\n<\/ul>\n<p>&nbsp;<\/p>\n<p>M\u00f3dszereink:<\/p>\n<p>7 C Modell (Mick Cope)<\/p>\n<ul>\n<li>a probl\u00e9ma felt\u00e1r\u00e1sa,<\/li>\n<li>a probl\u00e9mamegold\u00e1s felt\u00e9teleinek megteremt\u00e9se,<\/li>\n<li>\u00faj \u00e9letstrat\u00e9gia fel\u00e9p\u00edt\u00e9se, \u00faj \u00e9letszeml\u00e9let kialak\u00edt\u00e1sa,<\/li>\n<li>attit\u0171d fel\u00e9p\u00edt\u00e9se,<\/li>\n<li>k\u00e9szs\u00e9gfejleszt\u00e9s,<\/li>\n<li>konkr\u00e9t gyakorlatok,<\/li>\n<li>visszacsatol\u00e1s.<\/li>\n<\/ul>\n<p>Grow Modell (Sir John Whitmore)<\/p>\n<ul>\n<li>A Grow sz\u00f3 jelent\u00e9se n\u00f6veked\u00e9s, halad\u00e1s, fejl\u0151d\u00e9s.<\/li>\n<li><strong>G<\/strong>oals &#8211; a c\u00e9l meghat\u00e1roz\u00e1sa<\/li>\n<li><strong>R<\/strong>eality &#8211; a jelenlegi helyzet felt\u00e1r\u00e1sa<\/li>\n<li><strong>O<\/strong>ptions &#8211; a lehet\u0151s\u00e9gek sz\u00e1mbav\u00e9tele<\/li>\n<li><strong>W<\/strong>rapup, What (will you do) &#8211; Mit fogsz tenni?<\/li>\n<\/ul>\n<p>&nbsp;<\/p>\n<p>NLP\u00a0avagy neuro-lingvisztikus programoz\u00e1s\u00a0eszk\u00f6zei: NLP, Time Line Therapy, Hypnotherapy<\/p>\n<p>A\u00a0<strong>neuro-lingvisztikus programoz\u00e1s (NLP)<\/strong>\u00a0egyr\u00e9szt tapasztalatokra \u00e9p\u00fcl\u0151 konkr\u00e9t pszichol\u00f3giai, pszichoter\u00e1pi\u00e1s \u00e9s kommunik\u00e1ci\u00f3s technik\u00e1k rendszere, amely a nyelvhaszn\u00e1latot \u00e9s viselked\u00e9st tanulm\u00e1nyozva a\u00a0<em>kiv\u00e1l\u00f3s\u00e1g<\/em>\u00a0strukt\u00far\u00e1j\u00e1t igyekszik megfejteni, ezzel megism\u00e9telhet\u0151v\u00e9 \u00e9s elsaj\u00e1t\u00edthat\u00f3v\u00e1 tenni az egyes ember sz\u00e1m\u00e1ra. Az \u00edgy elsaj\u00e1t\u00edtott tud\u00e1s az NLP szerint azut\u00e1n alkalmazhat\u00f3 az \u00e9let b\u00e1rmely ter\u00fclet\u00e9n, ahol a hat\u00e9kony kommunik\u00e1ci\u00f3 mint relev\u00e1ns szempont megjelenik (nevel\u00e9s, v\u00e1llalatvezet\u00e9s, \u00fczleti \u00e9let, politika stb.).<\/p>\n<p>A \u201eneuro-lingvisztikus programoz\u00e1s\u201d kifejez\u00e9s h\u00e1tter\u00e9ben a k\u00f6vetkez\u0151 felismer\u00e9sek \u00e1llnak:<\/p>\n<ul>\n<li><strong>neuro<\/strong>: Minden viselked\u00e9s\u00fcnk neurol\u00f3giai folyamatokban gy\u00f6kerezik: az\u00e9rz\u00e9kel\u00e9sben\u00a0\u00e9s\u00a0\u00e9szlel\u00e9sben\u00a0(l\u00e1t\u00e1s, hall\u00e1s, tapint\u00e1s stb.), ill. a\u00a0gondolkod\u00e1sban\u00a0is az idegrendszer\u00fcnket haszn\u00e1ljuk.<\/li>\n<li><strong>lingvisztikus<\/strong>: Gondolatainkat a nyelv seg\u00edts\u00e9g\u00e9vel fejezz\u00fck ki, ugyanilyen m\u00f3don kommunik\u00e1lunk. Ha valamit mondani szeretn\u00e9nk, a fej\u00fcnkben l\u00e9v\u0151 k\u00e9pet\/hangot\/\u00e9rz\u00e9st szavakba \u00f6ntj\u00fck. A hallgat\u00f3 ezeket a szavakat alak\u00edtja vissza saj\u00e1t maga sz\u00e1m\u00e1ra hangg\u00e1, k\u00e9pp\u00e9 vagy \u00e9rz\u00e9ss\u00e9.<\/li>\n<li><strong>programoz\u00e1s<\/strong>: Gondolataink \u00e9s viselked\u00e9s\u00fcnk nem v\u00e9letlenszer\u0171en alakulnak, hanem benn\u00fcnk l\u00e9v\u0151, m\u00e9lyen gy\u00f6kerez\u0151 &#8221; a fenti \u00e9rtelemben vett &#8221; neurolingvisztikus s\u00e9m\u00e1kat, el\u0151\u00edr\u00e1sokat k\u00f6vetnek. Ezek a r\u00e9gen tanult s\u00e9m\u00e1k \u00fajratanulhat\u00f3ak, vagyis az ember \u00fajraprogramozhat\u00f3<em>.<\/em>\u00a0Ahogy a kisgyerek fejf\u00e1j\u00f3s anyj\u00e1t ut\u00e1nozva eltanulta, hogy amennyiben figyelmet \u00e9s t\u00f6r\u0151d\u00e9st szeretne a csal\u00e1dj\u00e1t\u00f3l, akkor ennek \u00fatja az, hogy megf\u00e1jduljon a feje, ugyan\u00fagy a feln\u0151tt k\u00e9pes e programot \u00fajra\u00edrni, \u00e9s a fej megf\u00e1jdul\u00e1sa helyett alternat\u00edv megold\u00e1st kialak\u00edtani arra, hogy mag\u00e1ra ir\u00e1ny\u00edtsa csal\u00e1dja figyelm\u00e9t \u00e9s t\u00f6r\u0151d\u00e9s\u00e9t. (forr\u00e1s:wikip\u00e9dia)<\/li>\n<\/ul>\n","protected":false},"excerpt":{"rendered":"<p>Mikor seg\u00edt a coaching? Ha: \u00fagy \u00e9rzi, hogy lejt\u0151re ker\u00fclt \u00e9lete \u00e9s nem tal\u00e1lja a f\u00e9ket, amivel ezt meg\u00e1ll\u00edthatn\u00e1, szorong a j\u00f6v\u0151je miatt, megoldatlan probl\u00e9m\u00e1i vannak, melyek konfliktust okoznak csal\u00e1di&#8230;<\/p>\n","protected":false},"author":1,"featured_media":0,"parent":115,"menu_order":0,"comment_status":"open","ping_status":"open","template":"page-sidebar.php","meta":{"footnotes":""},"class_list":["post-407","page","type-page","status-publish"],"yoast_head":"<!-- This site is optimized with the Yoast SEO plugin v27.3 - https:\/\/yoast.com\/product\/yoast-seo-wordpress\/ -->\n<title>A Coachingr\u00f3l - LINEO International Consulting Ltd.<\/title>\n<meta name=\"robots\" content=\"index, follow, max-snippet:-1, max-image-preview:large, max-video-preview:-1\" \/>\n<link rel=\"canonical\" href=\"https:\/\/coaching-nlp.hu\/en\/lineo-international-consulting\/coaching\/a-coachingrol\/\" \/>\n<meta property=\"og:locale\" content=\"en_US\" \/>\n<meta property=\"og:type\" content=\"article\" \/>\n<meta property=\"og:title\" content=\"A Coachingr\u00f3l - LINEO International Consulting Ltd.\" \/>\n<meta property=\"og:description\" content=\"Mikor seg\u00edt a coaching? Ha: \u00fagy \u00e9rzi, hogy lejt\u0151re ker\u00fclt \u00e9lete \u00e9s nem tal\u00e1lja a f\u00e9ket, amivel ezt meg\u00e1ll\u00edthatn\u00e1, szorong a j\u00f6v\u0151je miatt, megoldatlan probl\u00e9m\u00e1i vannak, melyek konfliktust okoznak csal\u00e1di...\" \/>\n<meta property=\"og:url\" content=\"https:\/\/coaching-nlp.hu\/en\/lineo-international-consulting\/coaching\/a-coachingrol\/\" \/>\n<meta property=\"og:site_name\" content=\"LINEO International Consulting Ltd.\" \/>\n<meta property=\"article:modified_time\" content=\"2014-06-18T08:58:03+00:00\" \/>\n<meta name=\"twitter:card\" content=\"summary_large_image\" \/>\n<meta name=\"twitter:label1\" content=\"Est. reading time\" \/>\n\t<meta name=\"twitter:data1\" content=\"3 minutes\" \/>\n<script type=\"application\/ld+json\" class=\"yoast-schema-graph\">{\"@context\":\"https:\\\/\\\/schema.org\",\"@graph\":[{\"@type\":\"WebPage\",\"@id\":\"https:\\\/\\\/coaching-nlp.hu\\\/en\\\/lineo-international-consulting\\\/coaching\\\/a-coachingrol\\\/\",\"url\":\"https:\\\/\\\/coaching-nlp.hu\\\/en\\\/lineo-international-consulting\\\/coaching\\\/a-coachingrol\\\/\",\"name\":\"A Coachingr\u00f3l - LINEO International Consulting Ltd.\",\"isPartOf\":{\"@id\":\"https:\\\/\\\/coaching-nlp.hu\\\/en\\\/#website\"},\"datePublished\":\"2014-06-18T08:53:48+00:00\",\"dateModified\":\"2014-06-18T08:58:03+00:00\",\"breadcrumb\":{\"@id\":\"https:\\\/\\\/coaching-nlp.hu\\\/en\\\/lineo-international-consulting\\\/coaching\\\/a-coachingrol\\\/#breadcrumb\"},\"inLanguage\":\"en-US\",\"potentialAction\":[{\"@type\":\"ReadAction\",\"target\":[\"https:\\\/\\\/coaching-nlp.hu\\\/en\\\/lineo-international-consulting\\\/coaching\\\/a-coachingrol\\\/\"]}]},{\"@type\":\"BreadcrumbList\",\"@id\":\"https:\\\/\\\/coaching-nlp.hu\\\/en\\\/lineo-international-consulting\\\/coaching\\\/a-coachingrol\\\/#breadcrumb\",\"itemListElement\":[{\"@type\":\"ListItem\",\"position\":1,\"name\":\"Home\",\"item\":\"https:\\\/\\\/coaching-nlp.hu\\\/en\\\/\"},{\"@type\":\"ListItem\",\"position\":2,\"name\":\"LINEO International Consulting\",\"item\":\"https:\\\/\\\/coaching-nlp.hu\\\/en\\\/\"},{\"@type\":\"ListItem\",\"position\":3,\"name\":\"Coaching\",\"item\":\"https:\\\/\\\/coaching-nlp.hu\\\/en\\\/lineo-international-consulting\\\/coaching\\\/\"},{\"@type\":\"ListItem\",\"position\":4,\"name\":\"A Coachingr\u00f3l\"}]},{\"@type\":\"WebSite\",\"@id\":\"https:\\\/\\\/coaching-nlp.hu\\\/en\\\/#website\",\"url\":\"https:\\\/\\\/coaching-nlp.hu\\\/en\\\/\",\"name\":\"LINEO International Consulting Ltd.\",\"description\":\"Life-, business coaching; medi\u00e1ci\u00f3; szakir\u00e1ny\u00fa akkredit\u00e1lt k\u00e9pz\u00e9sek\",\"potentialAction\":[{\"@type\":\"SearchAction\",\"target\":{\"@type\":\"EntryPoint\",\"urlTemplate\":\"https:\\\/\\\/coaching-nlp.hu\\\/en\\\/?s={search_term_string}\"},\"query-input\":{\"@type\":\"PropertyValueSpecification\",\"valueRequired\":true,\"valueName\":\"search_term_string\"}}],\"inLanguage\":\"en-US\"}]}<\/script>\n<!-- \/ Yoast SEO plugin. -->","yoast_head_json":{"title":"A Coachingr\u00f3l - LINEO International Consulting Ltd.","robots":{"index":"index","follow":"follow","max-snippet":"max-snippet:-1","max-image-preview":"max-image-preview:large","max-video-preview":"max-video-preview:-1"},"canonical":"https:\/\/coaching-nlp.hu\/en\/lineo-international-consulting\/coaching\/a-coachingrol\/","og_locale":"en_US","og_type":"article","og_title":"A Coachingr\u00f3l - LINEO International Consulting Ltd.","og_description":"Mikor seg\u00edt a coaching? Ha: \u00fagy \u00e9rzi, hogy lejt\u0151re ker\u00fclt \u00e9lete \u00e9s nem tal\u00e1lja a f\u00e9ket, amivel ezt meg\u00e1ll\u00edthatn\u00e1, szorong a j\u00f6v\u0151je miatt, megoldatlan probl\u00e9m\u00e1i vannak, melyek konfliktust okoznak csal\u00e1di...","og_url":"https:\/\/coaching-nlp.hu\/en\/lineo-international-consulting\/coaching\/a-coachingrol\/","og_site_name":"LINEO International Consulting Ltd.","article_modified_time":"2014-06-18T08:58:03+00:00","twitter_card":"summary_large_image","twitter_misc":{"Est. reading time":"3 minutes"},"schema":{"@context":"https:\/\/schema.org","@graph":[{"@type":"WebPage","@id":"https:\/\/coaching-nlp.hu\/en\/lineo-international-consulting\/coaching\/a-coachingrol\/","url":"https:\/\/coaching-nlp.hu\/en\/lineo-international-consulting\/coaching\/a-coachingrol\/","name":"A Coachingr\u00f3l - LINEO International Consulting Ltd.","isPartOf":{"@id":"https:\/\/coaching-nlp.hu\/en\/#website"},"datePublished":"2014-06-18T08:53:48+00:00","dateModified":"2014-06-18T08:58:03+00:00","breadcrumb":{"@id":"https:\/\/coaching-nlp.hu\/en\/lineo-international-consulting\/coaching\/a-coachingrol\/#breadcrumb"},"inLanguage":"en-US","potentialAction":[{"@type":"ReadAction","target":["https:\/\/coaching-nlp.hu\/en\/lineo-international-consulting\/coaching\/a-coachingrol\/"]}]},{"@type":"BreadcrumbList","@id":"https:\/\/coaching-nlp.hu\/en\/lineo-international-consulting\/coaching\/a-coachingrol\/#breadcrumb","itemListElement":[{"@type":"ListItem","position":1,"name":"Home","item":"https:\/\/coaching-nlp.hu\/en\/"},{"@type":"ListItem","position":2,"name":"LINEO International Consulting","item":"https:\/\/coaching-nlp.hu\/en\/"},{"@type":"ListItem","position":3,"name":"Coaching","item":"https:\/\/coaching-nlp.hu\/en\/lineo-international-consulting\/coaching\/"},{"@type":"ListItem","position":4,"name":"A Coachingr\u00f3l"}]},{"@type":"WebSite","@id":"https:\/\/coaching-nlp.hu\/en\/#website","url":"https:\/\/coaching-nlp.hu\/en\/","name":"LINEO International Consulting Ltd.","description":"Life-, business coaching; medi\u00e1ci\u00f3; szakir\u00e1ny\u00fa akkredit\u00e1lt k\u00e9pz\u00e9sek","potentialAction":[{"@type":"SearchAction","target":{"@type":"EntryPoint","urlTemplate":"https:\/\/coaching-nlp.hu\/en\/?s={search_term_string}"},"query-input":{"@type":"PropertyValueSpecification","valueRequired":true,"valueName":"search_term_string"}}],"inLanguage":"en-US"}]}},"_links":{"self":[{"href":"https:\/\/coaching-nlp.hu\/en\/wp-json\/wp\/v2\/pages\/407","targetHints":{"allow":["GET"]}}],"collection":[{"href":"https:\/\/coaching-nlp.hu\/en\/wp-json\/wp\/v2\/pages"}],"about":[{"href":"https:\/\/coaching-nlp.hu\/en\/wp-json\/wp\/v2\/types\/page"}],"author":[{"embeddable":true,"href":"https:\/\/coaching-nlp.hu\/en\/wp-json\/wp\/v2\/users\/1"}],"replies":[{"embeddable":true,"href":"https:\/\/coaching-nlp.hu\/en\/wp-json\/wp\/v2\/comments?post=407"}],"version-history":[{"count":1,"href":"https:\/\/coaching-nlp.hu\/en\/wp-json\/wp\/v2\/pages\/407\/revisions"}],"predecessor-version":[{"id":408,"href":"https:\/\/coaching-nlp.hu\/en\/wp-json\/wp\/v2\/pages\/407\/revisions\/408"}],"up":[{"embeddable":true,"href":"https:\/\/coaching-nlp.hu\/en\/wp-json\/wp\/v2\/pages\/115"}],"wp:attachment":[{"href":"https:\/\/coaching-nlp.hu\/en\/wp-json\/wp\/v2\/media?parent=407"}],"curies":[{"name":"wp","href":"https:\/\/api.w.org\/{rel}","templated":true}]}}