{"id":514,"date":"2014-06-18T13:25:43","date_gmt":"2014-06-18T13:25:43","guid":{"rendered":"http:\/\/coaching-nlp.hu\/en\/?page_id=514"},"modified":"2015-05-27T14:15:44","modified_gmt":"2015-05-27T14:15:44","slug":"parteners_clients","status":"publish","type":"page","link":"https:\/\/coaching-nlp.hu\/en\/parteners_clients\/","title":{"rendered":"Partners and Clients"},"content":{"rendered":"[vc_row type=&#8221;full_width_background&#8221; bg_position=&#8221;left top&#8221; bg_repeat=&#8221;no-repeat&#8221; bg_color=&#8221;#f9f9f9&#8243; text_color=&#8221;dark&#8221; text_align=&#8221;left&#8221; top_padding=&#8221;50&#8243; bottom_padding=&#8221;50&#8243;][vc_column width=&#8221;1\/1&#8243;][heading subtitle=&#8221;LINEO&#8221;]Media Partners[\/heading][vc_gallery type=&#8221;image_grid&#8221; interval=&#8221;3&#8243; images=&#8221;1427,1428,1429,1430,1431,1758,1432,1433,1434,1435,1436,1437,1759,1438,1760,1762&#8243; layout=&#8221;4&#8243; gallery_style=&#8221;2&#8243; onclick=&#8221;link_image&#8221; custom_links_target=&#8221;_self&#8221; img_size=&#8221;500&#215;300&#8243;][\/vc_column][\/vc_row][vc_row][vc_column width=&#8221;1\/1&#8243; enable_animation=&#8221;true&#8221; animation=&#8221;fade-in&#8221; delay=&#8221;300&#8243; column_padding=&#8221;no-extra-padding&#8221; background_color_opacity=&#8221;1&#8243;][divider line_type=&#8221;No Line&#8221; custom_height=&#8221;40&#8243;][heading subtitle=&#8221;LINEO&#8221;]Partners[\/heading][vc_gallery type=&#8221;image_grid&#8221; interval=&#8221;3&#8243; images=&#8221;1441,1442,1452,1453,1443,1768,1444,1445,1446,1447,1448,1754,1449,1755,1439,1440,1450,1451,1454,1455,1456,1457,1756&#8243; layout=&#8221;4&#8243; gallery_style=&#8221;2&#8243; onclick=&#8221;link_image&#8221; custom_links_target=&#8221;_self&#8221; img_size=&#8221;500&#215;300&#8243;][divider line_type=&#8221;No Line&#8221; custom_height=&#8221;5&#8243;][\/vc_column][\/vc_row][vc_row][vc_column width=&#8221;1\/2&#8243; enable_animation=&#8221;true&#8221; animation=&#8221;fade-in-from-left&#8221; delay=&#8221;500&#8243; column_padding=&#8221;no-extra-padding&#8221; background_color_opacity=&#8221;1&#8243;][vc_column_text]Gy\u00e9m\u00e1nt XXI Kft., Vip-Phone Kft., Integral Communications Kft., Samsung, Masterclass, Hidv\u00e9gi-H\u00fas Kft., M\u00e1tra Cukor, Info Cebra, Cornexi Zrt, Tomker Kft., Princess Distribution Kft., Studio Moderna Kft., Fortrend Kft.[\/vc_column_text][\/vc_column][vc_column width=&#8221;1\/2&#8243; enable_animation=&#8221;true&#8221; animation=&#8221;fade-in-from-right&#8221; delay=&#8221;500&#8243; column_padding=&#8221;no-extra-padding&#8221; background_color_opacity=&#8221;1&#8243;][vc_column_text]Teleclub Romania, Teleperformance Romania, Silver Trading, Fan Courier, Cetelem Romania, Uromed Center, Avrig 35 Group, Ecovis Romania, Sygma Bank, Ideal Mariaj, Toya Romania, Hanner R.D., Excelsio Group, Enovator Data, Ionescu&amp;Sava Avocati.[\/vc_column_text][\/vc_column][\/vc_row]\n","protected":false},"excerpt":{"rendered":"<p>[vc_row type=&#8221;full_width_background&#8221; bg_position=&#8221;left top&#8221; bg_repeat=&#8221;no-repeat&#8221; bg_color=&#8221;#f9f9f9&#8243; text_color=&#8221;dark&#8221; text_align=&#8221;left&#8221; top_padding=&#8221;50&#8243; bottom_padding=&#8221;50&#8243;][vc_column width=&#8221;1\/1&#8243;][heading subtitle=&#8221;LINEO&#8221;]Media Partners[\/heading][vc_gallery type=&#8221;image_grid&#8221; interval=&#8221;3&#8243; images=&#8221;1427,1428,1429,1430,1431,1758,1432,1433,1434,1435,1436,1437,1759,1438,1760,1762&#8243; layout=&#8221;4&#8243; gallery_style=&#8221;2&#8243; onclick=&#8221;link_image&#8221; custom_links_target=&#8221;_self&#8221; img_size=&#8221;500&#215;300&#8243;][\/vc_column][\/vc_row][vc_row][vc_column width=&#8221;1\/1&#8243; enable_animation=&#8221;true&#8221; animation=&#8221;fade-in&#8221; delay=&#8221;300&#8243; column_padding=&#8221;no-extra-padding&#8221; background_color_opacity=&#8221;1&#8243;][divider line_type=&#8221;No Line&#8221; custom_height=&#8221;40&#8243;][heading&#8230;<\/p>\n","protected":false},"author":1,"featured_media":0,"parent":0,"menu_order":0,"comment_status":"closed","ping_status":"closed","template":"","meta":{"footnotes":""},"class_list":["post-514","page","type-page","status-publish"],"yoast_head":"<!-- This site is optimized with the Yoast SEO plugin v27.3 - https:\/\/yoast.com\/product\/yoast-seo-wordpress\/ -->\n<title>Partners and Clients - LINEO International Consulting Ltd.<\/title>\n<meta name=\"robots\" content=\"index, follow, max-snippet:-1, max-image-preview:large, max-video-preview:-1\" \/>\n<link rel=\"canonical\" href=\"https:\/\/coaching-nlp.hu\/en\/parteners_clients\/\" \/>\n<meta property=\"og:locale\" content=\"en_US\" \/>\n<meta property=\"og:type\" content=\"article\" \/>\n<meta property=\"og:title\" content=\"Partners and Clients - LINEO International Consulting Ltd.\" \/>\n<meta property=\"og:description\" content=\"[vc_row type=&#8221;full_width_background&#8221; bg_position=&#8221;left top&#8221; bg_repeat=&#8221;no-repeat&#8221; bg_color=&#8221;#f9f9f9&#8243; text_color=&#8221;dark&#8221; text_align=&#8221;left&#8221; top_padding=&#8221;50&#8243; bottom_padding=&#8221;50&#8243;][vc_column width=&#8221;1\/1&#8243;][heading subtitle=&#8221;LINEO&#8221;]Media Partners[\/heading][vc_gallery type=&#8221;image_grid&#8221; interval=&#8221;3&#8243; images=&#8221;1427,1428,1429,1430,1431,1758,1432,1433,1434,1435,1436,1437,1759,1438,1760,1762&#8243; layout=&#8221;4&#8243; gallery_style=&#8221;2&#8243; onclick=&#8221;link_image&#8221; custom_links_target=&#8221;_self&#8221; img_size=&#8221;500&#215;300&#8243;][\/vc_column][\/vc_row][vc_row][vc_column width=&#8221;1\/1&#8243; enable_animation=&#8221;true&#8221; animation=&#8221;fade-in&#8221; delay=&#8221;300&#8243; column_padding=&#8221;no-extra-padding&#8221; background_color_opacity=&#8221;1&#8243;][divider line_type=&#8221;No Line&#8221; custom_height=&#8221;40&#8243;][heading...\" \/>\n<meta property=\"og:url\" content=\"https:\/\/coaching-nlp.hu\/en\/parteners_clients\/\" \/>\n<meta property=\"og:site_name\" content=\"LINEO International Consulting Ltd.\" \/>\n<meta property=\"article:modified_time\" content=\"2015-05-27T14:15:44+00:00\" \/>\n<meta name=\"twitter:card\" content=\"summary_large_image\" \/>\n<meta name=\"twitter:label1\" content=\"Est. reading time\" \/>\n\t<meta name=\"twitter:data1\" content=\"1 minute\" \/>\n<script type=\"application\/ld+json\" class=\"yoast-schema-graph\">{\"@context\":\"https:\\\/\\\/schema.org\",\"@graph\":[{\"@type\":\"WebPage\",\"@id\":\"https:\\\/\\\/coaching-nlp.hu\\\/en\\\/parteners_clients\\\/\",\"url\":\"https:\\\/\\\/coaching-nlp.hu\\\/en\\\/parteners_clients\\\/\",\"name\":\"Partners and Clients - LINEO International Consulting Ltd.\",\"isPartOf\":{\"@id\":\"https:\\\/\\\/coaching-nlp.hu\\\/en\\\/#website\"},\"datePublished\":\"2014-06-18T13:25:43+00:00\",\"dateModified\":\"2015-05-27T14:15:44+00:00\",\"breadcrumb\":{\"@id\":\"https:\\\/\\\/coaching-nlp.hu\\\/en\\\/parteners_clients\\\/#breadcrumb\"},\"inLanguage\":\"en-US\",\"potentialAction\":[{\"@type\":\"ReadAction\",\"target\":[\"https:\\\/\\\/coaching-nlp.hu\\\/en\\\/parteners_clients\\\/\"]}]},{\"@type\":\"BreadcrumbList\",\"@id\":\"https:\\\/\\\/coaching-nlp.hu\\\/en\\\/parteners_clients\\\/#breadcrumb\",\"itemListElement\":[{\"@type\":\"ListItem\",\"position\":1,\"name\":\"Home\",\"item\":\"https:\\\/\\\/coaching-nlp.hu\\\/en\\\/\"},{\"@type\":\"ListItem\",\"position\":2,\"name\":\"Partners and Clients\"}]},{\"@type\":\"WebSite\",\"@id\":\"https:\\\/\\\/coaching-nlp.hu\\\/en\\\/#website\",\"url\":\"https:\\\/\\\/coaching-nlp.hu\\\/en\\\/\",\"name\":\"LINEO International Consulting Ltd.\",\"description\":\"Life-, business coaching; medi\u00e1ci\u00f3; szakir\u00e1ny\u00fa akkredit\u00e1lt k\u00e9pz\u00e9sek\",\"potentialAction\":[{\"@type\":\"SearchAction\",\"target\":{\"@type\":\"EntryPoint\",\"urlTemplate\":\"https:\\\/\\\/coaching-nlp.hu\\\/en\\\/?s={search_term_string}\"},\"query-input\":{\"@type\":\"PropertyValueSpecification\",\"valueRequired\":true,\"valueName\":\"search_term_string\"}}],\"inLanguage\":\"en-US\"}]}<\/script>\n<!-- \/ Yoast SEO plugin. -->","yoast_head_json":{"title":"Partners and Clients - LINEO International Consulting Ltd.","robots":{"index":"index","follow":"follow","max-snippet":"max-snippet:-1","max-image-preview":"max-image-preview:large","max-video-preview":"max-video-preview:-1"},"canonical":"https:\/\/coaching-nlp.hu\/en\/parteners_clients\/","og_locale":"en_US","og_type":"article","og_title":"Partners and Clients - LINEO International Consulting Ltd.","og_description":"[vc_row type=&#8221;full_width_background&#8221; bg_position=&#8221;left top&#8221; bg_repeat=&#8221;no-repeat&#8221; bg_color=&#8221;#f9f9f9&#8243; text_color=&#8221;dark&#8221; text_align=&#8221;left&#8221; top_padding=&#8221;50&#8243; bottom_padding=&#8221;50&#8243;][vc_column width=&#8221;1\/1&#8243;][heading subtitle=&#8221;LINEO&#8221;]Media Partners[\/heading][vc_gallery type=&#8221;image_grid&#8221; interval=&#8221;3&#8243; images=&#8221;1427,1428,1429,1430,1431,1758,1432,1433,1434,1435,1436,1437,1759,1438,1760,1762&#8243; layout=&#8221;4&#8243; gallery_style=&#8221;2&#8243; onclick=&#8221;link_image&#8221; custom_links_target=&#8221;_self&#8221; img_size=&#8221;500&#215;300&#8243;][\/vc_column][\/vc_row][vc_row][vc_column width=&#8221;1\/1&#8243; enable_animation=&#8221;true&#8221; animation=&#8221;fade-in&#8221; delay=&#8221;300&#8243; column_padding=&#8221;no-extra-padding&#8221; background_color_opacity=&#8221;1&#8243;][divider line_type=&#8221;No Line&#8221; custom_height=&#8221;40&#8243;][heading...","og_url":"https:\/\/coaching-nlp.hu\/en\/parteners_clients\/","og_site_name":"LINEO International Consulting Ltd.","article_modified_time":"2015-05-27T14:15:44+00:00","twitter_card":"summary_large_image","twitter_misc":{"Est. reading time":"1 minute"},"schema":{"@context":"https:\/\/schema.org","@graph":[{"@type":"WebPage","@id":"https:\/\/coaching-nlp.hu\/en\/parteners_clients\/","url":"https:\/\/coaching-nlp.hu\/en\/parteners_clients\/","name":"Partners and Clients - LINEO International Consulting Ltd.","isPartOf":{"@id":"https:\/\/coaching-nlp.hu\/en\/#website"},"datePublished":"2014-06-18T13:25:43+00:00","dateModified":"2015-05-27T14:15:44+00:00","breadcrumb":{"@id":"https:\/\/coaching-nlp.hu\/en\/parteners_clients\/#breadcrumb"},"inLanguage":"en-US","potentialAction":[{"@type":"ReadAction","target":["https:\/\/coaching-nlp.hu\/en\/parteners_clients\/"]}]},{"@type":"BreadcrumbList","@id":"https:\/\/coaching-nlp.hu\/en\/parteners_clients\/#breadcrumb","itemListElement":[{"@type":"ListItem","position":1,"name":"Home","item":"https:\/\/coaching-nlp.hu\/en\/"},{"@type":"ListItem","position":2,"name":"Partners and Clients"}]},{"@type":"WebSite","@id":"https:\/\/coaching-nlp.hu\/en\/#website","url":"https:\/\/coaching-nlp.hu\/en\/","name":"LINEO International Consulting Ltd.","description":"Life-, business coaching; medi\u00e1ci\u00f3; szakir\u00e1ny\u00fa akkredit\u00e1lt k\u00e9pz\u00e9sek","potentialAction":[{"@type":"SearchAction","target":{"@type":"EntryPoint","urlTemplate":"https:\/\/coaching-nlp.hu\/en\/?s={search_term_string}"},"query-input":{"@type":"PropertyValueSpecification","valueRequired":true,"valueName":"search_term_string"}}],"inLanguage":"en-US"}]}},"_links":{"self":[{"href":"https:\/\/coaching-nlp.hu\/en\/wp-json\/wp\/v2\/pages\/514","targetHints":{"allow":["GET"]}}],"collection":[{"href":"https:\/\/coaching-nlp.hu\/en\/wp-json\/wp\/v2\/pages"}],"about":[{"href":"https:\/\/coaching-nlp.hu\/en\/wp-json\/wp\/v2\/types\/page"}],"author":[{"embeddable":true,"href":"https:\/\/coaching-nlp.hu\/en\/wp-json\/wp\/v2\/users\/1"}],"replies":[{"embeddable":true,"href":"https:\/\/coaching-nlp.hu\/en\/wp-json\/wp\/v2\/comments?post=514"}],"version-history":[{"count":36,"href":"https:\/\/coaching-nlp.hu\/en\/wp-json\/wp\/v2\/pages\/514\/revisions"}],"predecessor-version":[{"id":1770,"href":"https:\/\/coaching-nlp.hu\/en\/wp-json\/wp\/v2\/pages\/514\/revisions\/1770"}],"wp:attachment":[{"href":"https:\/\/coaching-nlp.hu\/en\/wp-json\/wp\/v2\/media?parent=514"}],"curies":[{"name":"wp","href":"https:\/\/api.w.org\/{rel}","templated":true}]}}