{"id":569,"date":"2014-07-15T12:47:36","date_gmt":"2014-07-15T12:47:36","guid":{"rendered":"http:\/\/coaching-nlp.hu\/en\/?page_id=569"},"modified":"2015-01-14T12:47:36","modified_gmt":"2015-01-14T12:47:36","slug":"the_process","status":"publish","type":"page","link":"https:\/\/coaching-nlp.hu\/en\/the_process\/","title":{"rendered":"The Process"},"content":{"rendered":"[vc_row][vc_column enable_animation=&#8221;true&#8221; animation=&#8221;fade-in&#8221; delay=&#8221;500&#8243; column_padding=&#8221;no-extra-padding&#8221; background_color_opacity=&#8221;1&#8243;][vc_column_text]The OD process begins when an organization recognizes that a problem exists which impacts the mission or health of the organization and change is desired. It can also begin when leadership has a vision of a better way and wants to improve the organization. An organization does not always have to be in trouble to implement organization development activities.<\/p>\n<p>Once the decision is made to change the situation, the next step is to assess the situation to fully understand it. This assessment can be conducted in many ways including documentation review, organizational sensing, focus groups, interviewing, or surveying. The assessment could be conducted by outside experts or by members of the organization.<\/p>\n<p>After the situation is assessed, defined, and understood, the next step is to plan an intervention. The type of change desired would determine the nature of the intervention. Interventions could include training and development, team interventions such as team building for management or employees or the establishment of change teams, structural interventions, or individual interventions.<\/p>\n<p>Once the intervention is planned, it is implemented.<\/p>\n<p>During and after the implementation of the intervention, relevant data is gathered. The data gathered would be determined by the change goals. For example, if the intervention were training and development for individual employees or for work groups, data to be gathered would measure changes in knowledge and competencies.<\/p>\n<p>This data is used to determine the effectiveness of the intervention. It is reported to the organization\u2019s decision-makers. The decision-makers determine if the intervention met its goals. If the intervention met its goals, the process can end, which is depicted by the raising of the development bar. If it did not, the decision is made whether to continue the cycle and to plan and carry out another intervention or to end it.[\/vc_column_text][\/vc_column][\/vc_row][vc_row][vc_column enable_animation=&#8221;true&#8221; animation=&#8221;none&#8221; column_padding=&#8221;no-extra-padding&#8221; background_color_opacity=&#8221;1&#8243;][image_with_animation image_url=&#8221;1245&#8243; animation=&#8221;Flip In&#8221; img_link_target=&#8221;_self&#8221;][\/vc_column][\/vc_row][vc_row][vc_column enable_animation=&#8221;true&#8221; animation=&#8221;fade-in-from-right&#8221; delay=&#8221;200&#8243; column_padding=&#8221;no-extra-padding&#8221; background_color_opacity=&#8221;1&#8243;][vc_column_text]OD might be used in any of the folloing situations:<br \/>\n\u25a0 To develop or enhance the organization\u2019s mission statement (statement of purpose) or vision statement for what it wants to be<br \/>\n\u25a0 To help align functional structures in an organization so they are working together for a common purpose<br \/>\n\u25a0 To create a strategic plan for how the organization is going to make decisions about its future and achieving that future<br \/>\n\u25a0 To manage conflict that exists among individuals, groups, functions, sites, and so on, when such conflicts disrupt the ability of the organization to function in a healthy way<br \/>\n\u25a0 To put in place processes that will help improve the ongoing operations of the organization on a continuous basis<br \/>\n\u25a0 To create a collaborative environment that helps the organization be more effective and efficient<br \/>\n\u25a0 To create reward systems that are compatible with the goals of the organization<br \/>\n\u25a0 To assist in the development of policies and procedures that will improve the ongoing operation of the organization<br \/>\n\u25a0 To assess the working environment, to identify strengths on which to build and areas in which change and improvement are needed<br \/>\n\u25a0 To provide help and support for employees, especially those in senior positions, who need an opportunity to be coached in how to do their jobs better<br \/>\n\u25a0 To assist in creating systems for providing feedback on individual performance and, on ccasion, conducting studies to give individuals feedback and coaching to help them in their individual development[\/vc_column_text][\/vc_column][\/vc_row][vc_row][vc_column width=&#8221;1\/2&#8243; animation=&#8221;fade-in-from-right&#8221; column_padding=&#8221;no-extra-padding&#8221; background_color_opacity=&#8221;1&#8243; enable_animation=&#8221;true&#8221;][vc_column_text]Some commonly-used OD strategies include:[\/vc_column_text][divider line_type=&#8221;No Line&#8221;][vc_column_text]<strong>FOR THE ORGANIZATION<\/strong><br \/>\nVision, mission and values development<br \/>\nGoal setting<br \/>\nOrganizational restructure and redesign<br \/>\nCommitment to new programs<br \/>\nCommitment to new ways of managing<br \/>\nCommunication and teamwork skills<\/p>\n<p><strong>BETWEEN EMPLOYEES<\/strong><br \/>\nValues clarification<br \/>\nConflict resolution<br \/>\nNorm setting<br \/>\nRole clarification and negotiation<br \/>\nImproving communication abilities<\/p>\n<p><strong>FOR INDIVIDUALS<\/strong><br \/>\nJob redesign<br \/>\nTraining and management development<br \/>\nCareer development<br \/>\nIndividual observation and feedback<br \/>\nIndividual skill coaching<br \/>\nServing as a sounding board for decisions<br \/>\nTechnical skills training<br \/>\nAdministrative skills training<br \/>\nManagement\/supervision training<br \/>\nDecision making and problem solving<br \/>\nProject planning and implementation[\/vc_column_text][\/vc_column][vc_column width=&#8221;1\/2&#8243;][image_with_animation image_url=&#8221;978&#8243; animation=&#8221;Fade In From Bottom&#8221; img_link_target=&#8221;_self&#8221; delay=&#8221;200&#8243;][image_with_animation image_url=&#8221;1025&#8243; animation=&#8221;Fade In From Bottom&#8221; img_link_target=&#8221;_self&#8221; delay=&#8221;400&#8243;][image_with_animation image_url=&#8221;979&#8243; animation=&#8221;Fade In From Bottom&#8221; img_link_target=&#8221;_self&#8221; delay=&#8221;600&#8243;][\/vc_column][\/vc_row][vc_row][vc_column width=&#8221;1\/1&#8243;][divider line_type=&#8221;No Line&#8221;][\/vc_column][\/vc_row][vc_row][vc_column width=&#8221;1\/1&#8243;]<div class=\"carousel-wrap recent-work-carousel \" data-ctc=\"dark\" data-full-width=\"true\">\n\n\t\t\t\t\t<div class=\"carousel-heading\"><div class=\"container\"><h2>More Services<\/h2><div class=\"controls\"><a class=\"portfolio-page-link\" href=\"\"><i class=\"icon-salient-back-to-all\"><\/i><\/a>\n\t\t\t\t\t\t<a class=\"carousel-prev\" href=\"#\"><i class=\"icon-salient-left-arrow-thin\"><\/i><\/a>\n\t\t\t\t\t\t<a class=\"carousel-next\" href=\"#\"><i class=\"icon-salient-right-arrow-thin\"><\/i><\/a><\/div><\/div><\/div>\n\n\t\t\t\t\t<ul class=\"row portfolio-items text-align-center carousel\" data-scroll-speed=\"800\" data-easing=\"easeInOutQuart\"><li class=\"col span_4 no-margin\" data-default-color=\"true\" data-title-color=\"\" data-subtitle-color=\"\">\n\n\t\t\t\t\t\t\t<div class=\"work-item style-3\" data-custom-content=\"off\"><img loading=\"lazy\" decoding=\"async\" width=\"600\" height=\"403\" src=\"https:\/\/coaching-nlp.hu\/en\/wp-content\/uploads\/sites\/4\/2014\/12\/Business-coaching-hungary-budapest-s-toth-marta-lineo-international-consulting-600x403.jpg\" class=\"attachment-portfolio-thumb size-portfolio-thumb wp-post-image\" alt=\"Business-coaching-hungary-budapest-s-toth-marta-lineo-international-consulting\" title=\"\" \/>\n\n\t\t\t\t\t\t\t<div class=\"work-info-bg\"><\/div>\n\t\t\t\t\t\t\t<div class=\"work-info\">\n\n\t\t\t\t\t\t\t<a href=\"https:\/\/coaching-nlp.hu\/en\/portfolio\/business-coaching\/\"><\/a><div class=\"vert-center\"><h3>Business Coaching<\/h3><\/div><!--\/vert-center--><\/div>\n\t\t\t\t\t\t\t<\/div><!--work-item-->\n\n\t\t\t\t\t\t\t<\/li><!--\/span_4--><li class=\"col span_4 no-margin\" data-default-color=\"true\" data-title-color=\"\" data-subtitle-color=\"\">\n\n\t\t\t\t\t\t\t<div class=\"work-item style-3\" data-custom-content=\"off\"><img loading=\"lazy\" decoding=\"async\" width=\"600\" height=\"403\" src=\"https:\/\/coaching-nlp.hu\/en\/wp-content\/uploads\/sites\/4\/2014\/11\/life-coaching-hungary-budapest-s-toth-marta-lineo-international-consulting-600x403.jpg\" class=\"attachment-portfolio-thumb size-portfolio-thumb wp-post-image\" alt=\"life-coaching-hungary-budapest-s-toth-marta-lineo-international-consulting\" title=\"\" \/>\n\n\t\t\t\t\t\t\t<div class=\"work-info-bg\"><\/div>\n\t\t\t\t\t\t\t<div class=\"work-info\">\n\n\t\t\t\t\t\t\t<a href=\"https:\/\/coaching-nlp.hu\/en\/portfolio\/life-coaching\/\"><\/a><div class=\"vert-center\"><h3>Life Coaching<\/h3><\/div><!--\/vert-center--><\/div>\n\t\t\t\t\t\t\t<\/div><!--work-item-->\n\n\t\t\t\t\t\t\t<\/li><!--\/span_4--><li class=\"col span_4 no-margin\" data-default-color=\"true\" data-title-color=\"\" data-subtitle-color=\"\">\n\n\t\t\t\t\t\t\t<div class=\"work-item style-3\" data-custom-content=\"off\"><img loading=\"lazy\" decoding=\"async\" width=\"600\" height=\"403\" src=\"https:\/\/coaching-nlp.hu\/en\/wp-content\/uploads\/sites\/4\/2014\/08\/shutterstock_212319661-600x403.jpg\" class=\"attachment-portfolio-thumb size-portfolio-thumb wp-post-image\" alt=\"NLP_Neuro_Linguistic_Programming_Budapest_Hungary\" title=\"\" \/>\n\n\t\t\t\t\t\t\t<div class=\"work-info-bg\"><\/div>\n\t\t\t\t\t\t\t<div class=\"work-info\">\n\n\t\t\t\t\t\t\t<a href=\"https:\/\/coaching-nlp.hu\/en\/portfolio\/nlp_neuro-linguistic_programming\/\"><\/a><div class=\"vert-center\"><h3>NLP (Neuro-Linguistic Programming)<\/h3><\/div><!--\/vert-center--><\/div>\n\t\t\t\t\t\t\t<\/div><!--work-item-->\n\n\t\t\t\t\t\t\t<\/li><!--\/span_4--><li class=\"col span_4 no-margin\" data-project-color=\"#2ac4ea\" data-title-color=\"\" data-subtitle-color=\"\">\n\n\t\t\t\t\t\t\t<div class=\"work-item style-3\" data-custom-content=\"off\"><img loading=\"lazy\" decoding=\"async\" width=\"600\" height=\"403\" src=\"https:\/\/coaching-nlp.hu\/en\/wp-content\/uploads\/sites\/4\/2016\/10\/NLP-Hypnosis-Budapest-Hungary-S-Toth-Marta-600x403.jpg\" class=\"attachment-portfolio-thumb size-portfolio-thumb wp-post-image\" alt=\"NLP-Hypnosis_Budapest_hungary\" title=\"\" \/>\n\n\t\t\t\t\t\t\t<div class=\"work-info-bg\"><\/div>\n\t\t\t\t\t\t\t<div class=\"work-info\">\n\n\t\t\t\t\t\t\t<a href=\"https:\/\/coaching-nlp.hu\/en\/portfolio\/nlp-hypnosis\/\"><\/a><div class=\"vert-center\"><h3>NLP Hypnosis<\/h3><\/div><!--\/vert-center--><\/div>\n\t\t\t\t\t\t\t<\/div><!--work-item-->\n\n\t\t\t\t\t\t\t<\/li><!--\/span_4--><li class=\"col span_4 no-margin\" data-default-color=\"true\" data-title-color=\"\" data-subtitle-color=\"\">\n\n\t\t\t\t\t\t\t<div class=\"work-item style-3\" data-custom-content=\"off\"><img loading=\"lazy\" decoding=\"async\" width=\"600\" height=\"403\" src=\"https:\/\/coaching-nlp.hu\/en\/wp-content\/uploads\/sites\/4\/2014\/09\/Career-coaching-hungary-budapest-s-toth-marta-lineo-international-consulting-600x403.jpg\" class=\"attachment-portfolio-thumb size-portfolio-thumb wp-post-image\" alt=\"Career-coaching-hungary-budapest-s-toth-marta-lineo-international-consulting\" title=\"\" \/>\n\n\t\t\t\t\t\t\t<div class=\"work-info-bg\"><\/div>\n\t\t\t\t\t\t\t<div class=\"work-info\">\n\n\t\t\t\t\t\t\t<a href=\"https:\/\/coaching-nlp.hu\/en\/portfolio\/career-coaching\/\"><\/a><div class=\"vert-center\"><h3>Career Coaching<\/h3><\/div><!--\/vert-center--><\/div>\n\t\t\t\t\t\t\t<\/div><!--work-item-->\n\n\t\t\t\t\t\t\t<\/li><!--\/span_4--><li class=\"col span_4 no-margin\" data-project-color=\"#27ccc0\" data-title-color=\"\" data-subtitle-color=\"\">\n\n\t\t\t\t\t\t\t<div class=\"work-item style-3\" data-custom-content=\"off\"><img loading=\"lazy\" decoding=\"async\" width=\"600\" height=\"403\" src=\"https:\/\/coaching-nlp.hu\/en\/wp-content\/uploads\/sites\/4\/2016\/06\/S-Toth-Marta-Relationship-Coaching-Budapest-1-600x403.jpg\" class=\"attachment-portfolio-thumb size-portfolio-thumb wp-post-image\" alt=\"S-Toth-Marta-Relationship-Coaching-Budapest\" title=\"\" \/>\n\n\t\t\t\t\t\t\t<div class=\"work-info-bg\"><\/div>\n\t\t\t\t\t\t\t<div class=\"work-info\">\n\n\t\t\t\t\t\t\t<a href=\"https:\/\/coaching-nlp.hu\/en\/portfolio\/relationship-coaching\/\"><\/a><div class=\"vert-center\"><h3>Relationship Coaching<\/h3><\/div><!--\/vert-center--><\/div>\n\t\t\t\t\t\t\t<\/div><!--work-item-->\n\n\t\t\t\t\t\t\t<\/li><!--\/span_4--><\/ul><!--\/carousel--><\/div><!--\/carousel-wrap-->[\/vc_column][\/vc_row]\n","protected":false},"excerpt":{"rendered":"<p>[vc_row][vc_column enable_animation=&#8221;true&#8221; animation=&#8221;fade-in&#8221; delay=&#8221;500&#8243; column_padding=&#8221;no-extra-padding&#8221; background_color_opacity=&#8221;1&#8243;][vc_column_text]The OD process begins when an organization recognizes that a problem exists which impacts the mission or health of the organization and change is desired&#8230;.<\/p>\n","protected":false},"author":1,"featured_media":0,"parent":0,"menu_order":0,"comment_status":"closed","ping_status":"closed","template":"page-sidebar.php","meta":{"footnotes":""},"class_list":["post-569","page","type-page","status-publish"],"yoast_head":"<!-- This site is optimized with the Yoast SEO plugin v27.3 - https:\/\/yoast.com\/product\/yoast-seo-wordpress\/ -->\n<title>The Process - LINEO International Consulting Ltd.<\/title>\n<meta name=\"robots\" content=\"index, follow, max-snippet:-1, max-image-preview:large, max-video-preview:-1\" \/>\n<link rel=\"canonical\" href=\"https:\/\/coaching-nlp.hu\/en\/the_process\/\" \/>\n<meta property=\"og:locale\" content=\"en_US\" \/>\n<meta property=\"og:type\" content=\"article\" \/>\n<meta property=\"og:title\" content=\"The Process - LINEO International Consulting Ltd.\" \/>\n<meta property=\"og:description\" content=\"[vc_row][vc_column enable_animation=&#8221;true&#8221; animation=&#8221;fade-in&#8221; delay=&#8221;500&#8243; column_padding=&#8221;no-extra-padding&#8221; background_color_opacity=&#8221;1&#8243;][vc_column_text]The OD process begins when an organization recognizes that a problem exists which impacts the mission or health of the organization and change is desired....\" \/>\n<meta property=\"og:url\" content=\"https:\/\/coaching-nlp.hu\/en\/the_process\/\" \/>\n<meta property=\"og:site_name\" content=\"LINEO International Consulting Ltd.\" \/>\n<meta property=\"article:modified_time\" content=\"2015-01-14T12:47:36+00:00\" \/>\n<meta name=\"twitter:card\" content=\"summary_large_image\" \/>\n<meta name=\"twitter:label1\" content=\"Est. reading time\" \/>\n\t<meta name=\"twitter:data1\" content=\"4 minutes\" \/>\n<script type=\"application\/ld+json\" class=\"yoast-schema-graph\">{\"@context\":\"https:\\\/\\\/schema.org\",\"@graph\":[{\"@type\":\"WebPage\",\"@id\":\"https:\\\/\\\/coaching-nlp.hu\\\/en\\\/the_process\\\/\",\"url\":\"https:\\\/\\\/coaching-nlp.hu\\\/en\\\/the_process\\\/\",\"name\":\"The Process - LINEO International Consulting Ltd.\",\"isPartOf\":{\"@id\":\"https:\\\/\\\/coaching-nlp.hu\\\/en\\\/#website\"},\"datePublished\":\"2014-07-15T12:47:36+00:00\",\"dateModified\":\"2015-01-14T12:47:36+00:00\",\"breadcrumb\":{\"@id\":\"https:\\\/\\\/coaching-nlp.hu\\\/en\\\/the_process\\\/#breadcrumb\"},\"inLanguage\":\"en-US\",\"potentialAction\":[{\"@type\":\"ReadAction\",\"target\":[\"https:\\\/\\\/coaching-nlp.hu\\\/en\\\/the_process\\\/\"]}]},{\"@type\":\"BreadcrumbList\",\"@id\":\"https:\\\/\\\/coaching-nlp.hu\\\/en\\\/the_process\\\/#breadcrumb\",\"itemListElement\":[{\"@type\":\"ListItem\",\"position\":1,\"name\":\"Home\",\"item\":\"https:\\\/\\\/coaching-nlp.hu\\\/en\\\/\"},{\"@type\":\"ListItem\",\"position\":2,\"name\":\"The Process\"}]},{\"@type\":\"WebSite\",\"@id\":\"https:\\\/\\\/coaching-nlp.hu\\\/en\\\/#website\",\"url\":\"https:\\\/\\\/coaching-nlp.hu\\\/en\\\/\",\"name\":\"LINEO International Consulting Ltd.\",\"description\":\"Life-, business coaching; medi\u00e1ci\u00f3; szakir\u00e1ny\u00fa akkredit\u00e1lt k\u00e9pz\u00e9sek\",\"potentialAction\":[{\"@type\":\"SearchAction\",\"target\":{\"@type\":\"EntryPoint\",\"urlTemplate\":\"https:\\\/\\\/coaching-nlp.hu\\\/en\\\/?s={search_term_string}\"},\"query-input\":{\"@type\":\"PropertyValueSpecification\",\"valueRequired\":true,\"valueName\":\"search_term_string\"}}],\"inLanguage\":\"en-US\"}]}<\/script>\n<!-- \/ Yoast SEO plugin. -->","yoast_head_json":{"title":"The Process - LINEO International Consulting Ltd.","robots":{"index":"index","follow":"follow","max-snippet":"max-snippet:-1","max-image-preview":"max-image-preview:large","max-video-preview":"max-video-preview:-1"},"canonical":"https:\/\/coaching-nlp.hu\/en\/the_process\/","og_locale":"en_US","og_type":"article","og_title":"The Process - LINEO International Consulting Ltd.","og_description":"[vc_row][vc_column enable_animation=&#8221;true&#8221; animation=&#8221;fade-in&#8221; delay=&#8221;500&#8243; column_padding=&#8221;no-extra-padding&#8221; background_color_opacity=&#8221;1&#8243;][vc_column_text]The OD process begins when an organization recognizes that a problem exists which impacts the mission or health of the organization and change is desired....","og_url":"https:\/\/coaching-nlp.hu\/en\/the_process\/","og_site_name":"LINEO International Consulting Ltd.","article_modified_time":"2015-01-14T12:47:36+00:00","twitter_card":"summary_large_image","twitter_misc":{"Est. reading time":"4 minutes"},"schema":{"@context":"https:\/\/schema.org","@graph":[{"@type":"WebPage","@id":"https:\/\/coaching-nlp.hu\/en\/the_process\/","url":"https:\/\/coaching-nlp.hu\/en\/the_process\/","name":"The Process - LINEO International Consulting Ltd.","isPartOf":{"@id":"https:\/\/coaching-nlp.hu\/en\/#website"},"datePublished":"2014-07-15T12:47:36+00:00","dateModified":"2015-01-14T12:47:36+00:00","breadcrumb":{"@id":"https:\/\/coaching-nlp.hu\/en\/the_process\/#breadcrumb"},"inLanguage":"en-US","potentialAction":[{"@type":"ReadAction","target":["https:\/\/coaching-nlp.hu\/en\/the_process\/"]}]},{"@type":"BreadcrumbList","@id":"https:\/\/coaching-nlp.hu\/en\/the_process\/#breadcrumb","itemListElement":[{"@type":"ListItem","position":1,"name":"Home","item":"https:\/\/coaching-nlp.hu\/en\/"},{"@type":"ListItem","position":2,"name":"The Process"}]},{"@type":"WebSite","@id":"https:\/\/coaching-nlp.hu\/en\/#website","url":"https:\/\/coaching-nlp.hu\/en\/","name":"LINEO International Consulting Ltd.","description":"Life-, business coaching; medi\u00e1ci\u00f3; szakir\u00e1ny\u00fa akkredit\u00e1lt k\u00e9pz\u00e9sek","potentialAction":[{"@type":"SearchAction","target":{"@type":"EntryPoint","urlTemplate":"https:\/\/coaching-nlp.hu\/en\/?s={search_term_string}"},"query-input":{"@type":"PropertyValueSpecification","valueRequired":true,"valueName":"search_term_string"}}],"inLanguage":"en-US"}]}},"_links":{"self":[{"href":"https:\/\/coaching-nlp.hu\/en\/wp-json\/wp\/v2\/pages\/569","targetHints":{"allow":["GET"]}}],"collection":[{"href":"https:\/\/coaching-nlp.hu\/en\/wp-json\/wp\/v2\/pages"}],"about":[{"href":"https:\/\/coaching-nlp.hu\/en\/wp-json\/wp\/v2\/types\/page"}],"author":[{"embeddable":true,"href":"https:\/\/coaching-nlp.hu\/en\/wp-json\/wp\/v2\/users\/1"}],"replies":[{"embeddable":true,"href":"https:\/\/coaching-nlp.hu\/en\/wp-json\/wp\/v2\/comments?post=569"}],"version-history":[{"count":18,"href":"https:\/\/coaching-nlp.hu\/en\/wp-json\/wp\/v2\/pages\/569\/revisions"}],"predecessor-version":[{"id":1481,"href":"https:\/\/coaching-nlp.hu\/en\/wp-json\/wp\/v2\/pages\/569\/revisions\/1481"}],"wp:attachment":[{"href":"https:\/\/coaching-nlp.hu\/en\/wp-json\/wp\/v2\/media?parent=569"}],"curies":[{"name":"wp","href":"https:\/\/api.w.org\/{rel}","templated":true}]}}