{"id":66,"date":"2014-05-28T11:12:11","date_gmt":"2014-05-28T11:12:11","guid":{"rendered":"http:\/\/coaching-nlp.hu\/en\/?page_id=66"},"modified":"2014-08-08T08:51:56","modified_gmt":"2014-08-08T08:51:56","slug":"s-toth-marta","status":"publish","type":"page","link":"https:\/\/coaching-nlp.hu\/en\/stothmarta\/s-toth-marta\/","title":{"rendered":"S. T\u00f3th M\u00e1rta"},"content":{"rendered":"<div class=\"col span_3\" data-animation=\"\" data-delay=\"0\">\n<a href=\"http:\/\/coaching-nlp.hu\/en\/wp-content\/uploads\/sites\/4\/2014\/01\/Untitled-2.jpg\"><img loading=\"lazy\" decoding=\"async\" class=\"alignnone size-full wp-image-687\" src=\"http:\/\/coaching-nlp.hu\/en\/wp-content\/uploads\/sites\/4\/2014\/01\/Untitled-2.jpg\" alt=\"Untitled-2\" width=\"227\" height=\"350\" srcset=\"https:\/\/coaching-nlp.hu\/en\/wp-content\/uploads\/sites\/4\/2014\/01\/Untitled-2.jpg 227w, https:\/\/coaching-nlp.hu\/en\/wp-content\/uploads\/sites\/4\/2014\/01\/Untitled-2-194x300.jpg 194w\" sizes=\"auto, (max-width: 227px) 100vw, 227px\" \/><\/a><\/p>\n<ul>\n<li>\n<p class=\"p1\">senior coach<\/p>\n<\/li>\n<li>\n<p class=\"p1\">kommunik\u00e1ci\u00f3s szakember<\/p>\n<\/li>\n<li>\n<p class=\"p1\">medi\u00e1tor<\/p>\n<\/li>\n<li>\n<p class=\"p1\">Master NLP Practitioner<\/p>\n<\/li>\n<li>\n<p class=\"p1\">Master Time Line Therapy Practitioner<\/p>\n<\/li>\n<li>\n<p class=\"p1\">Master Hypnotherapy Practitioner<\/p>\n<\/li>\n<li>\n<p class=\"p1\">tr\u00e9ner<\/p>\n<\/li>\n<li>\n<p class=\"p1\">a LINEO EN \u00fcgyvezet\u0151 igazgat\u00f3ja<\/p>\n<\/li>\n<li>\n<p class=\"p1\">az ICF tagja<\/p>\n<\/li>\n<li>\n<p class=\"p1\">az Orsz\u00e1gos Medi\u00e1ci\u00f3s Egyes\u00fclet eln\u00f6ks\u00e9gi tagja<\/p>\n<\/li>\n<\/ul>\n<\/div>\n<div class=\"col span_9 col_last\" data-animation=\"\" data-delay=\"0\">\n[heading subtitle=&#8221;S. T\u00f3th M\u00e1rta&#8221;]A szem\u00e9lyis\u00e9g az \u00e9let folyam\u00e1n fejl\u0151dik ki, nehezen vagy egy\u00e1ltal\u00e1n nem magyar\u00e1zhat\u00f3 cs\u00edrafel\u00e9p\u00edtm\u00e9nyekb\u0151l, \u00e9s csak amit tesz\u00fcnk, az mutatja majd meg, kik vagyunk. Olyanok vagyunk, mint a nap, amely t\u00e1pl\u00e1lja a f\u00f6ld \u00e9let\u00e9t, \u00e9s mindenf\u00e9le sz\u00e9pet,,\u201d, Mindig \u00e9s mindenhol nyomot hagyunk azzal, amit tesz\u00fcnk, amit gondolunk \u00e9s mondunk \u00e9s ha a j\u00f3t szolg\u00e1lja, akkor az mind\u00f6r\u00f6kre ott marad.[\/heading]\n<p>Az \u00e9let sz\u00e1mos alkalommal pr\u00f3b\u00e1ra tesz, megk\u00eds\u00e9rel megrengetni a hitemben: hogy \u201emeg\u00e9ri\u201d j\u00f3nak, igaznak lenni. \u00c9n m\u00e9gis kitartok, ak\u00e1rmilyen neh\u00e9z is. Majdnem h\u00fasz\u00e9ve kommunik\u00e1ci\u00f3s szakemberk\u00e9nt dolgozom k\u00fcl\u00f6nb\u00f6z\u0151 ter\u00fcleteken, tizen\u00e9vig dolgoztam a m\u00e9di\u00e1ban \u00fajs\u00e1g\u00edr\u00f3k\u00e9nt \u00e9s szerkeszt\u0151-riporterk\u00e9nt, majd n\u00e9gy \u00e9vig voltam a Studio Moderna (Top Shop) Kft. rom\u00e1niai le\u00e1nyv\u00e1llalat\u00e1n\u00e1l kihelyezve, orsz\u00e1gos \u00fcgyvezet\u0151k\u00e9nt fejlesztettem a c\u00e9get. Imm\u00e1r t\u00edz\u00e9ve ezzel p\u00e1rhuzamosan vezettem a rom\u00e1niai saj\u00e1t c\u00e9g\u00fcnket is, az MTP St\u00fadi\u00f3 Kft.-t \u00e9s tov\u00e1bbi k\u00fclf\u00f6ldi c\u00e9geket.<\/p>\n<p>Az ut\u00f3bbi p\u00e1r \u00e9vben itthon ind\u00edtottam el a LINEO EN tev\u00e9kenys\u00e9g\u00e9t \u00e9s a Coaching, Medi\u00e1ci\u00f3 \u00e9s Ment\u00e1lhig\u00ed\u00e9n\u00e9 Iskol\u00e1t. Jelenleg \u00fcgyvezet\u0151k\u00e9nt dolgozom, NLP coachinggal, medi\u00e1ci\u00f3val, szervezetfejleszt\u00e9ssel, tr\u00e9ningekkel \u00e9s oktat\u00e1ssal kieg\u00e9sz\u00edtve. M\u00e1sodik \u00e9ve tan\u00edtom a kommunik\u00e1ci\u00f3t a P\u00e1zm\u00e1ny P\u00e9ter Katolikus Egyetemen \u00e9s \u0151szt\u0151l a Budapesti Kommunik\u00e1ci\u00f3s \u00e9s \u00dczleti F\u0151sikol\u00e1n a medi\u00e1ci\u00f3 feln\u0151tt tov\u00e1bbk\u00e9pz\u00e9sein. Huszonn\u00e9gy \u00e9vesen mentem f\u00e9rjhez, elv\u00e1ltam. Imm\u00e1r t\u00edz\u00e9ve azonban megtal\u00e1ltam a m\u00e1sik felem, f\u00e9rjem mellett minden nap boldogan \u00e9bredek \u00e9s t\u00e9rek nyugov\u00f3ra, s van egy kiemelked\u0151en okos \u00e9s sikeres, c\u00e9ltudatos fiam, akivel remek a kapcsolatom. Ahhoz, hogy most azt tudjam mondani: &#8220;OK\u00c9 vagyok&#8221;, hossz\u00fa \u00e9s r\u00f6g\u00f6s \u00faton kellett v\u00e9gigmenjek hol egyed\u00fcl hagyva, hol t\u00e1mogat\u00e1ssal. De siker\u00fclt, ez\u00e9rt tudom, hogy lehets\u00e9ges. Ez adja az er\u0151t nap mint nap az emberek oktat\u00e1sa, coachol\u00e1sa \u00e9s medi\u00e1l\u00e1sa sor\u00e1n.<\/p>\n<p>Szakmai tud\u00e1som elismer\u00e9sek\u00e9nt tizen\u00e9ve a Magyar \u00dajs\u00e1g\u00edr\u00f3 Sz\u00f6vets\u00e9g, az IFJ Nemzetk\u00f6zi \u00dajs\u00e1g\u00edr\u00f3 Sz\u00f6vets\u00e9g tagja voltam tov\u00e1bb\u00e1 a Nemzetk\u00f6zi Coach Sz\u00f6vets\u00e9g (ICF), a hazai Professzion\u00e1lis Coaching Egyes\u00fclet \u00e9s a Magyar Coach Egyes\u00fclet tagja vagyok \u00e9s az Orsz\u00e1gos Medi\u00e1ci\u00f3s Egyes\u00fclet (OME) eln\u00f6ks\u00e9gi tagj\u00e1v\u00e1 v\u00e1lasztott. K\u00e9tszer is beker\u00fcltem a WHO IS WHO Magyarorsz\u00e1gon \u00e9s a WHO IS WHO Rom\u00e1ni\u00e1ban c\u00edm\u0171, a kiemelked\u0151en sikeres emberek \u00e9letrajz\u00e1t tartalmaz\u00f3 lexikonba.<\/p>\n<\/div><div class=\"clear\"><\/div>\n","protected":false},"excerpt":{"rendered":"senior coach kommunik\u00e1ci\u00f3s szakember medi\u00e1tor Master NLP Practitioner Master Time Line Therapy Practitioner Master Hypnotherapy Practitioner tr\u00e9ner a LINEO EN \u00fcgyvezet\u0151 igazgat\u00f3ja az ICF tagja az Orsz\u00e1gos Medi\u00e1ci\u00f3s Egyes\u00fclet eln\u00f6ks\u00e9gi...","protected":false},"author":1,"featured_media":0,"parent":28,"menu_order":0,"comment_status":"closed","ping_status":"closed","template":"page-sidebar.php","meta":{"footnotes":""},"class_list":["post-66","page","type-page","status-publish"],"yoast_head":"<!-- This site is optimized with the Yoast SEO plugin v27.3 - https:\/\/yoast.com\/product\/yoast-seo-wordpress\/ -->\n<title>S. T\u00f3th M\u00e1rta - LINEO International Consulting Ltd.<\/title>\n<meta name=\"robots\" content=\"index, follow, max-snippet:-1, max-image-preview:large, max-video-preview:-1\" \/>\n<link rel=\"canonical\" href=\"https:\/\/coaching-nlp.hu\/en\/stothmarta\/s-toth-marta\/\" \/>\n<meta property=\"og:locale\" content=\"en_US\" \/>\n<meta property=\"og:type\" content=\"article\" \/>\n<meta property=\"og:title\" content=\"S. T\u00f3th M\u00e1rta - LINEO International Consulting Ltd.\" \/>\n<meta property=\"og:url\" content=\"https:\/\/coaching-nlp.hu\/en\/stothmarta\/s-toth-marta\/\" \/>\n<meta property=\"og:site_name\" content=\"LINEO International Consulting Ltd.\" \/>\n<meta property=\"article:modified_time\" content=\"2014-08-08T08:51:56+00:00\" \/>\n<meta property=\"og:image\" content=\"http:\/\/coaching-nlp.hu\/en\/wp-content\/uploads\/sites\/4\/2014\/01\/Untitled-2.jpg\" \/>\n<meta name=\"twitter:card\" content=\"summary_large_image\" \/>\n<meta name=\"twitter:label1\" content=\"Est. reading time\" \/>\n\t<meta name=\"twitter:data1\" content=\"3 minutes\" \/>\n<script type=\"application\/ld+json\" class=\"yoast-schema-graph\">{\"@context\":\"https:\\\/\\\/schema.org\",\"@graph\":[{\"@type\":\"WebPage\",\"@id\":\"https:\\\/\\\/coaching-nlp.hu\\\/en\\\/stothmarta\\\/s-toth-marta\\\/\",\"url\":\"https:\\\/\\\/coaching-nlp.hu\\\/en\\\/stothmarta\\\/s-toth-marta\\\/\",\"name\":\"S. T\u00f3th M\u00e1rta - LINEO International Consulting Ltd.\",\"isPartOf\":{\"@id\":\"https:\\\/\\\/coaching-nlp.hu\\\/en\\\/#website\"},\"primaryImageOfPage\":{\"@id\":\"https:\\\/\\\/coaching-nlp.hu\\\/en\\\/stothmarta\\\/s-toth-marta\\\/#primaryimage\"},\"image\":{\"@id\":\"https:\\\/\\\/coaching-nlp.hu\\\/en\\\/stothmarta\\\/s-toth-marta\\\/#primaryimage\"},\"thumbnailUrl\":\"http:\\\/\\\/coaching-nlp.hu\\\/en\\\/wp-content\\\/uploads\\\/sites\\\/4\\\/2014\\\/01\\\/Untitled-2.jpg\",\"datePublished\":\"2014-05-28T11:12:11+00:00\",\"dateModified\":\"2014-08-08T08:51:56+00:00\",\"breadcrumb\":{\"@id\":\"https:\\\/\\\/coaching-nlp.hu\\\/en\\\/stothmarta\\\/s-toth-marta\\\/#breadcrumb\"},\"inLanguage\":\"en-US\",\"potentialAction\":[{\"@type\":\"ReadAction\",\"target\":[\"https:\\\/\\\/coaching-nlp.hu\\\/en\\\/stothmarta\\\/s-toth-marta\\\/\"]}]},{\"@type\":\"ImageObject\",\"inLanguage\":\"en-US\",\"@id\":\"https:\\\/\\\/coaching-nlp.hu\\\/en\\\/stothmarta\\\/s-toth-marta\\\/#primaryimage\",\"url\":\"http:\\\/\\\/coaching-nlp.hu\\\/en\\\/wp-content\\\/uploads\\\/sites\\\/4\\\/2014\\\/01\\\/Untitled-2.jpg\",\"contentUrl\":\"http:\\\/\\\/coaching-nlp.hu\\\/en\\\/wp-content\\\/uploads\\\/sites\\\/4\\\/2014\\\/01\\\/Untitled-2.jpg\"},{\"@type\":\"BreadcrumbList\",\"@id\":\"https:\\\/\\\/coaching-nlp.hu\\\/en\\\/stothmarta\\\/s-toth-marta\\\/#breadcrumb\",\"itemListElement\":[{\"@type\":\"ListItem\",\"position\":1,\"name\":\"Home\",\"item\":\"https:\\\/\\\/coaching-nlp.hu\\\/en\\\/\"},{\"@type\":\"ListItem\",\"position\":2,\"name\":\"Marta S. Toth &#8211; Coach, NLP Trainer, Personal and Business Developer\",\"item\":\"https:\\\/\\\/coaching-nlp.hu\\\/en\\\/stothmarta\\\/\"},{\"@type\":\"ListItem\",\"position\":3,\"name\":\"S. T\u00f3th M\u00e1rta\"}]},{\"@type\":\"WebSite\",\"@id\":\"https:\\\/\\\/coaching-nlp.hu\\\/en\\\/#website\",\"url\":\"https:\\\/\\\/coaching-nlp.hu\\\/en\\\/\",\"name\":\"LINEO International Consulting Ltd.\",\"description\":\"Life-, business coaching; medi\u00e1ci\u00f3; szakir\u00e1ny\u00fa akkredit\u00e1lt k\u00e9pz\u00e9sek\",\"potentialAction\":[{\"@type\":\"SearchAction\",\"target\":{\"@type\":\"EntryPoint\",\"urlTemplate\":\"https:\\\/\\\/coaching-nlp.hu\\\/en\\\/?s={search_term_string}\"},\"query-input\":{\"@type\":\"PropertyValueSpecification\",\"valueRequired\":true,\"valueName\":\"search_term_string\"}}],\"inLanguage\":\"en-US\"}]}<\/script>\n<!-- \/ Yoast SEO plugin. -->","yoast_head_json":{"title":"S. T\u00f3th M\u00e1rta - LINEO International Consulting Ltd.","robots":{"index":"index","follow":"follow","max-snippet":"max-snippet:-1","max-image-preview":"max-image-preview:large","max-video-preview":"max-video-preview:-1"},"canonical":"https:\/\/coaching-nlp.hu\/en\/stothmarta\/s-toth-marta\/","og_locale":"en_US","og_type":"article","og_title":"S. T\u00f3th M\u00e1rta - LINEO International Consulting Ltd.","og_url":"https:\/\/coaching-nlp.hu\/en\/stothmarta\/s-toth-marta\/","og_site_name":"LINEO International Consulting Ltd.","article_modified_time":"2014-08-08T08:51:56+00:00","og_image":[{"url":"http:\/\/coaching-nlp.hu\/en\/wp-content\/uploads\/sites\/4\/2014\/01\/Untitled-2.jpg","type":"","width":"","height":""}],"twitter_card":"summary_large_image","twitter_misc":{"Est. reading time":"3 minutes"},"schema":{"@context":"https:\/\/schema.org","@graph":[{"@type":"WebPage","@id":"https:\/\/coaching-nlp.hu\/en\/stothmarta\/s-toth-marta\/","url":"https:\/\/coaching-nlp.hu\/en\/stothmarta\/s-toth-marta\/","name":"S. T\u00f3th M\u00e1rta - LINEO International Consulting Ltd.","isPartOf":{"@id":"https:\/\/coaching-nlp.hu\/en\/#website"},"primaryImageOfPage":{"@id":"https:\/\/coaching-nlp.hu\/en\/stothmarta\/s-toth-marta\/#primaryimage"},"image":{"@id":"https:\/\/coaching-nlp.hu\/en\/stothmarta\/s-toth-marta\/#primaryimage"},"thumbnailUrl":"http:\/\/coaching-nlp.hu\/en\/wp-content\/uploads\/sites\/4\/2014\/01\/Untitled-2.jpg","datePublished":"2014-05-28T11:12:11+00:00","dateModified":"2014-08-08T08:51:56+00:00","breadcrumb":{"@id":"https:\/\/coaching-nlp.hu\/en\/stothmarta\/s-toth-marta\/#breadcrumb"},"inLanguage":"en-US","potentialAction":[{"@type":"ReadAction","target":["https:\/\/coaching-nlp.hu\/en\/stothmarta\/s-toth-marta\/"]}]},{"@type":"ImageObject","inLanguage":"en-US","@id":"https:\/\/coaching-nlp.hu\/en\/stothmarta\/s-toth-marta\/#primaryimage","url":"http:\/\/coaching-nlp.hu\/en\/wp-content\/uploads\/sites\/4\/2014\/01\/Untitled-2.jpg","contentUrl":"http:\/\/coaching-nlp.hu\/en\/wp-content\/uploads\/sites\/4\/2014\/01\/Untitled-2.jpg"},{"@type":"BreadcrumbList","@id":"https:\/\/coaching-nlp.hu\/en\/stothmarta\/s-toth-marta\/#breadcrumb","itemListElement":[{"@type":"ListItem","position":1,"name":"Home","item":"https:\/\/coaching-nlp.hu\/en\/"},{"@type":"ListItem","position":2,"name":"Marta S. Toth &#8211; Coach, NLP Trainer, Personal and Business Developer","item":"https:\/\/coaching-nlp.hu\/en\/stothmarta\/"},{"@type":"ListItem","position":3,"name":"S. T\u00f3th M\u00e1rta"}]},{"@type":"WebSite","@id":"https:\/\/coaching-nlp.hu\/en\/#website","url":"https:\/\/coaching-nlp.hu\/en\/","name":"LINEO International Consulting Ltd.","description":"Life-, business coaching; medi\u00e1ci\u00f3; szakir\u00e1ny\u00fa akkredit\u00e1lt k\u00e9pz\u00e9sek","potentialAction":[{"@type":"SearchAction","target":{"@type":"EntryPoint","urlTemplate":"https:\/\/coaching-nlp.hu\/en\/?s={search_term_string}"},"query-input":{"@type":"PropertyValueSpecification","valueRequired":true,"valueName":"search_term_string"}}],"inLanguage":"en-US"}]}},"_links":{"self":[{"href":"https:\/\/coaching-nlp.hu\/en\/wp-json\/wp\/v2\/pages\/66","targetHints":{"allow":["GET"]}}],"collection":[{"href":"https:\/\/coaching-nlp.hu\/en\/wp-json\/wp\/v2\/pages"}],"about":[{"href":"https:\/\/coaching-nlp.hu\/en\/wp-json\/wp\/v2\/types\/page"}],"author":[{"embeddable":true,"href":"https:\/\/coaching-nlp.hu\/en\/wp-json\/wp\/v2\/users\/1"}],"replies":[{"embeddable":true,"href":"https:\/\/coaching-nlp.hu\/en\/wp-json\/wp\/v2\/comments?post=66"}],"version-history":[{"count":18,"href":"https:\/\/coaching-nlp.hu\/en\/wp-json\/wp\/v2\/pages\/66\/revisions"}],"predecessor-version":[{"id":716,"href":"https:\/\/coaching-nlp.hu\/en\/wp-json\/wp\/v2\/pages\/66\/revisions\/716"}],"up":[{"embeddable":true,"href":"https:\/\/coaching-nlp.hu\/en\/wp-json\/wp\/v2\/pages\/28"}],"wp:attachment":[{"href":"https:\/\/coaching-nlp.hu\/en\/wp-json\/wp\/v2\/media?parent=66"}],"curies":[{"name":"wp","href":"https:\/\/api.w.org\/{rel}","templated":true}]}}