{"id":821,"date":"2014-08-15T12:06:23","date_gmt":"2014-08-15T12:06:23","guid":{"rendered":"http:\/\/coaching-nlp.hu\/en\/?page_id=821"},"modified":"2014-08-15T12:06:23","modified_gmt":"2014-08-15T12:06:23","slug":"stuparu-robert","status":"publish","type":"page","link":"https:\/\/coaching-nlp.hu\/en\/stothmarta\/stuparu-robert\/","title":{"rendered":"Stuparu R\u00f3bert"},"content":{"rendered":"<div class=\"col span_3\" data-animation=\"\" data-delay=\"0\">\n<p><img loading=\"lazy\" decoding=\"async\" class=\"alignnone wp-image-822 size-full\" src=\"http:\/\/coaching-nlp.hu\/en\/wp-content\/uploads\/sites\/4\/2014\/08\/Robert-Stuparu-Marketing-Manager-Lineo-International-Consulting-Kft-Bu....jpeg\" alt=\"Robert Stuparu - Marketing Manager Lineo International Consulting Kft Bu...\" width=\"277\" height=\"416\" srcset=\"https:\/\/coaching-nlp.hu\/en\/wp-content\/uploads\/sites\/4\/2014\/08\/Robert-Stuparu-Marketing-Manager-Lineo-International-Consulting-Kft-Bu....jpeg 277w, https:\/\/coaching-nlp.hu\/en\/wp-content\/uploads\/sites\/4\/2014\/08\/Robert-Stuparu-Marketing-Manager-Lineo-International-Consulting-Kft-Bu...-199x300.jpeg 199w\" sizes=\"auto, (max-width: 277px) 100vw, 277px\" \/><\/p>\n<ul>\n<li>marketing<\/li>\n<li>m\u00e9dia menedzser<\/li>\n<\/ul>\n<\/div>\n<div class=\"col span_9 col_last\" data-animation=\"\" data-delay=\"0\">\n[heading subtitle=&#8221;Stuparu R\u00f3bert&#8221;]Csak egyszer \u00e9l\u00fcnk. Amennyiben helyesen \u00e9l\u00fcnk, egyszer is el\u00e9g.[\/heading]\n<\/div><div class=\"clear\"><\/div>\n","protected":false},"excerpt":{"rendered":"marketing m\u00e9dia menedzser [heading subtitle=\"Stuparu R\u00f3bert\"]Csak egyszer \u00e9l\u00fcnk. Amennyiben helyesen \u00e9l\u00fcnk, egyszer is el\u00e9g.[\/heading]","protected":false},"author":1,"featured_media":0,"parent":28,"menu_order":0,"comment_status":"closed","ping_status":"closed","template":"","meta":{"footnotes":""},"class_list":["post-821","page","type-page","status-publish"],"yoast_head":"<!-- This site is optimized with the Yoast SEO plugin v27.3 - https:\/\/yoast.com\/product\/yoast-seo-wordpress\/ -->\n<title>Stuparu R\u00f3bert - LINEO International Consulting Ltd.<\/title>\n<meta name=\"robots\" content=\"index, follow, max-snippet:-1, max-image-preview:large, max-video-preview:-1\" \/>\n<link rel=\"canonical\" href=\"https:\/\/coaching-nlp.hu\/en\/stothmarta\/stuparu-robert\/\" \/>\n<meta property=\"og:locale\" content=\"en_US\" \/>\n<meta property=\"og:type\" content=\"article\" \/>\n<meta property=\"og:title\" content=\"Stuparu R\u00f3bert - LINEO International Consulting Ltd.\" \/>\n<meta property=\"og:url\" content=\"https:\/\/coaching-nlp.hu\/en\/stothmarta\/stuparu-robert\/\" \/>\n<meta property=\"og:site_name\" content=\"LINEO International Consulting Ltd.\" \/>\n<meta property=\"og:image\" content=\"http:\/\/coaching-nlp.hu\/en\/wp-content\/uploads\/sites\/4\/2014\/08\/Robert-Stuparu-Marketing-Manager-Lineo-International-Consulting-Kft-Bu....jpeg\" \/>\n<meta name=\"twitter:card\" content=\"summary_large_image\" \/>\n<script type=\"application\/ld+json\" class=\"yoast-schema-graph\">{\"@context\":\"https:\\\/\\\/schema.org\",\"@graph\":[{\"@type\":\"WebPage\",\"@id\":\"https:\\\/\\\/coaching-nlp.hu\\\/en\\\/stothmarta\\\/stuparu-robert\\\/\",\"url\":\"https:\\\/\\\/coaching-nlp.hu\\\/en\\\/stothmarta\\\/stuparu-robert\\\/\",\"name\":\"Stuparu R\u00f3bert - LINEO International Consulting Ltd.\",\"isPartOf\":{\"@id\":\"https:\\\/\\\/coaching-nlp.hu\\\/en\\\/#website\"},\"primaryImageOfPage\":{\"@id\":\"https:\\\/\\\/coaching-nlp.hu\\\/en\\\/stothmarta\\\/stuparu-robert\\\/#primaryimage\"},\"image\":{\"@id\":\"https:\\\/\\\/coaching-nlp.hu\\\/en\\\/stothmarta\\\/stuparu-robert\\\/#primaryimage\"},\"thumbnailUrl\":\"http:\\\/\\\/coaching-nlp.hu\\\/en\\\/wp-content\\\/uploads\\\/sites\\\/4\\\/2014\\\/08\\\/Robert-Stuparu-Marketing-Manager-Lineo-International-Consulting-Kft-Bu....jpeg\",\"datePublished\":\"2014-08-15T12:06:23+00:00\",\"breadcrumb\":{\"@id\":\"https:\\\/\\\/coaching-nlp.hu\\\/en\\\/stothmarta\\\/stuparu-robert\\\/#breadcrumb\"},\"inLanguage\":\"en-US\",\"potentialAction\":[{\"@type\":\"ReadAction\",\"target\":[\"https:\\\/\\\/coaching-nlp.hu\\\/en\\\/stothmarta\\\/stuparu-robert\\\/\"]}]},{\"@type\":\"ImageObject\",\"inLanguage\":\"en-US\",\"@id\":\"https:\\\/\\\/coaching-nlp.hu\\\/en\\\/stothmarta\\\/stuparu-robert\\\/#primaryimage\",\"url\":\"http:\\\/\\\/coaching-nlp.hu\\\/en\\\/wp-content\\\/uploads\\\/sites\\\/4\\\/2014\\\/08\\\/Robert-Stuparu-Marketing-Manager-Lineo-International-Consulting-Kft-Bu....jpeg\",\"contentUrl\":\"http:\\\/\\\/coaching-nlp.hu\\\/en\\\/wp-content\\\/uploads\\\/sites\\\/4\\\/2014\\\/08\\\/Robert-Stuparu-Marketing-Manager-Lineo-International-Consulting-Kft-Bu....jpeg\"},{\"@type\":\"BreadcrumbList\",\"@id\":\"https:\\\/\\\/coaching-nlp.hu\\\/en\\\/stothmarta\\\/stuparu-robert\\\/#breadcrumb\",\"itemListElement\":[{\"@type\":\"ListItem\",\"position\":1,\"name\":\"Home\",\"item\":\"https:\\\/\\\/coaching-nlp.hu\\\/en\\\/\"},{\"@type\":\"ListItem\",\"position\":2,\"name\":\"Marta S. Toth &#8211; Coach, NLP Trainer, Personal and Business Developer\",\"item\":\"https:\\\/\\\/coaching-nlp.hu\\\/en\\\/stothmarta\\\/\"},{\"@type\":\"ListItem\",\"position\":3,\"name\":\"Stuparu R\u00f3bert\"}]},{\"@type\":\"WebSite\",\"@id\":\"https:\\\/\\\/coaching-nlp.hu\\\/en\\\/#website\",\"url\":\"https:\\\/\\\/coaching-nlp.hu\\\/en\\\/\",\"name\":\"LINEO International Consulting Ltd.\",\"description\":\"Life-, business coaching; medi\u00e1ci\u00f3; szakir\u00e1ny\u00fa akkredit\u00e1lt k\u00e9pz\u00e9sek\",\"potentialAction\":[{\"@type\":\"SearchAction\",\"target\":{\"@type\":\"EntryPoint\",\"urlTemplate\":\"https:\\\/\\\/coaching-nlp.hu\\\/en\\\/?s={search_term_string}\"},\"query-input\":{\"@type\":\"PropertyValueSpecification\",\"valueRequired\":true,\"valueName\":\"search_term_string\"}}],\"inLanguage\":\"en-US\"}]}<\/script>\n<!-- \/ Yoast SEO plugin. -->","yoast_head_json":{"title":"Stuparu R\u00f3bert - LINEO International Consulting Ltd.","robots":{"index":"index","follow":"follow","max-snippet":"max-snippet:-1","max-image-preview":"max-image-preview:large","max-video-preview":"max-video-preview:-1"},"canonical":"https:\/\/coaching-nlp.hu\/en\/stothmarta\/stuparu-robert\/","og_locale":"en_US","og_type":"article","og_title":"Stuparu R\u00f3bert - LINEO International Consulting Ltd.","og_url":"https:\/\/coaching-nlp.hu\/en\/stothmarta\/stuparu-robert\/","og_site_name":"LINEO International Consulting Ltd.","og_image":[{"url":"http:\/\/coaching-nlp.hu\/en\/wp-content\/uploads\/sites\/4\/2014\/08\/Robert-Stuparu-Marketing-Manager-Lineo-International-Consulting-Kft-Bu....jpeg","type":"","width":"","height":""}],"twitter_card":"summary_large_image","schema":{"@context":"https:\/\/schema.org","@graph":[{"@type":"WebPage","@id":"https:\/\/coaching-nlp.hu\/en\/stothmarta\/stuparu-robert\/","url":"https:\/\/coaching-nlp.hu\/en\/stothmarta\/stuparu-robert\/","name":"Stuparu R\u00f3bert - LINEO International Consulting Ltd.","isPartOf":{"@id":"https:\/\/coaching-nlp.hu\/en\/#website"},"primaryImageOfPage":{"@id":"https:\/\/coaching-nlp.hu\/en\/stothmarta\/stuparu-robert\/#primaryimage"},"image":{"@id":"https:\/\/coaching-nlp.hu\/en\/stothmarta\/stuparu-robert\/#primaryimage"},"thumbnailUrl":"http:\/\/coaching-nlp.hu\/en\/wp-content\/uploads\/sites\/4\/2014\/08\/Robert-Stuparu-Marketing-Manager-Lineo-International-Consulting-Kft-Bu....jpeg","datePublished":"2014-08-15T12:06:23+00:00","breadcrumb":{"@id":"https:\/\/coaching-nlp.hu\/en\/stothmarta\/stuparu-robert\/#breadcrumb"},"inLanguage":"en-US","potentialAction":[{"@type":"ReadAction","target":["https:\/\/coaching-nlp.hu\/en\/stothmarta\/stuparu-robert\/"]}]},{"@type":"ImageObject","inLanguage":"en-US","@id":"https:\/\/coaching-nlp.hu\/en\/stothmarta\/stuparu-robert\/#primaryimage","url":"http:\/\/coaching-nlp.hu\/en\/wp-content\/uploads\/sites\/4\/2014\/08\/Robert-Stuparu-Marketing-Manager-Lineo-International-Consulting-Kft-Bu....jpeg","contentUrl":"http:\/\/coaching-nlp.hu\/en\/wp-content\/uploads\/sites\/4\/2014\/08\/Robert-Stuparu-Marketing-Manager-Lineo-International-Consulting-Kft-Bu....jpeg"},{"@type":"BreadcrumbList","@id":"https:\/\/coaching-nlp.hu\/en\/stothmarta\/stuparu-robert\/#breadcrumb","itemListElement":[{"@type":"ListItem","position":1,"name":"Home","item":"https:\/\/coaching-nlp.hu\/en\/"},{"@type":"ListItem","position":2,"name":"Marta S. Toth &#8211; Coach, NLP Trainer, Personal and Business Developer","item":"https:\/\/coaching-nlp.hu\/en\/stothmarta\/"},{"@type":"ListItem","position":3,"name":"Stuparu R\u00f3bert"}]},{"@type":"WebSite","@id":"https:\/\/coaching-nlp.hu\/en\/#website","url":"https:\/\/coaching-nlp.hu\/en\/","name":"LINEO International Consulting Ltd.","description":"Life-, business coaching; medi\u00e1ci\u00f3; szakir\u00e1ny\u00fa akkredit\u00e1lt k\u00e9pz\u00e9sek","potentialAction":[{"@type":"SearchAction","target":{"@type":"EntryPoint","urlTemplate":"https:\/\/coaching-nlp.hu\/en\/?s={search_term_string}"},"query-input":{"@type":"PropertyValueSpecification","valueRequired":true,"valueName":"search_term_string"}}],"inLanguage":"en-US"}]}},"_links":{"self":[{"href":"https:\/\/coaching-nlp.hu\/en\/wp-json\/wp\/v2\/pages\/821","targetHints":{"allow":["GET"]}}],"collection":[{"href":"https:\/\/coaching-nlp.hu\/en\/wp-json\/wp\/v2\/pages"}],"about":[{"href":"https:\/\/coaching-nlp.hu\/en\/wp-json\/wp\/v2\/types\/page"}],"author":[{"embeddable":true,"href":"https:\/\/coaching-nlp.hu\/en\/wp-json\/wp\/v2\/users\/1"}],"replies":[{"embeddable":true,"href":"https:\/\/coaching-nlp.hu\/en\/wp-json\/wp\/v2\/comments?post=821"}],"version-history":[{"count":1,"href":"https:\/\/coaching-nlp.hu\/en\/wp-json\/wp\/v2\/pages\/821\/revisions"}],"predecessor-version":[{"id":823,"href":"https:\/\/coaching-nlp.hu\/en\/wp-json\/wp\/v2\/pages\/821\/revisions\/823"}],"up":[{"embeddable":true,"href":"https:\/\/coaching-nlp.hu\/en\/wp-json\/wp\/v2\/pages\/28"}],"wp:attachment":[{"href":"https:\/\/coaching-nlp.hu\/en\/wp-json\/wp\/v2\/media?parent=821"}],"curies":[{"name":"wp","href":"https:\/\/api.w.org\/{rel}","templated":true}]}}