{"id":91,"date":"2014-05-28T11:35:14","date_gmt":"2014-05-28T11:35:14","guid":{"rendered":"http:\/\/coaching-nlp.hu\/en\/?page_id=91"},"modified":"2014-08-14T14:36:56","modified_gmt":"2014-08-14T14:36:56","slug":"dr-csimane-dr-pozsegovics-beata","status":"publish","type":"page","link":"https:\/\/coaching-nlp.hu\/en\/stothmarta\/dr-csimane-dr-pozsegovics-beata\/","title":{"rendered":"Dr.Csim\u00e1n\u00e9 Dr.Pozsegovics Be\u00e1ta"},"content":{"rendered":"<div class=\"col span_3\" data-animation=\"\" data-delay=\"0\">\n<a href=\"http:\/\/coaching-nlp.hu\/en\/wp-content\/uploads\/sites\/4\/2014\/05\/Dr.-Csim\u00e1n\u00e9-Dr.-Pozsegovics-Be\u00e1ta-fixed.jpg\"><img loading=\"lazy\" decoding=\"async\" class=\"alignnone wp-image-643 size-full\" src=\"http:\/\/coaching-nlp.hu\/en\/wp-content\/uploads\/sites\/4\/2014\/05\/Dr.-Csim\u00e1n\u00e9-Dr.-Pozsegovics-Be\u00e1ta-fixed.jpg\" alt=\"\" width=\"277\" height=\"416\" srcset=\"https:\/\/coaching-nlp.hu\/en\/wp-content\/uploads\/sites\/4\/2014\/05\/Dr.-Csim\u00e1n\u00e9-Dr.-Pozsegovics-Be\u00e1ta-fixed.jpg 277w, https:\/\/coaching-nlp.hu\/en\/wp-content\/uploads\/sites\/4\/2014\/05\/Dr.-Csim\u00e1n\u00e9-Dr.-Pozsegovics-Be\u00e1ta-fixed-199x300.jpg 199w\" sizes=\"auto, (max-width: 277px) 100vw, 277px\" \/><\/a><\/p>\n<ul>\n<li>egyetemi adjunktus a Kaposv\u00e1ri Egyetemen<\/li>\n<li>senior okleveles coach<\/li>\n<li>medi\u00e1tor<\/li>\n<li>tr\u00e9ner<\/li>\n<li>a LINEO EN igazgat\u00f3helyettese<\/li>\n<\/ul>\n<\/div>\n<div class=\"col span_9 col_last\" data-animation=\"\" data-delay=\"0\">\n[heading subtitle=&#8221;Dr.Csim\u00e1n\u00e9 Dr.Pozsegovics Be\u00e1ta&#8221;]\u00c1t tudod ugrani, csak hinned kell \u00e9s kitartanod![\/heading]\nF\u00e9rjemmel fiatalon megismerkedt\u00fcnk, egybekelt\u00fcnk &#8211; ma m\u00e1r h\u00e1rom tin\u00e9dzserkor\u00fa gy\u00f6ny\u00f6r\u0171 \u00e9s sikeres gyermek\u00fcnkkel \u00e9l\u00fcnk egy\u00fctt boldogan. Vel\u00fck \u00e9n is \u201eiskol\u00e1ba\u201d mentem: 2004 \u00e9s 2009 k\u00f6zt szereztem meg m\u0171vel\u0151d\u00e9sszervez\u0151i (KE), kultur\u00e1lis menedzseri (PTE), m\u00fazeumpedag\u00f3gudi (ELTE) \u00e9s szem\u00e9ly\u00fcgyi szervez\u0151i (PTE) v\u00e9gzetts\u00e9geimet. A Kaposv\u00e1ri Egyetem Pedag\u00f3giai Kar\u00e1nak Feln\u0151ttk\u00e9pz\u00e9si Tansz\u00e9k\u00e9nek adjunktusak\u00e9nt 2004 \u00f3ta folyamatosan oktatok, life coach-k\u00e9nt pedig hasznos\u00edtom az itt szerzett tapasztalataimat \u00e9s ford\u00edtva: a k\u00e9pz\u00e9seken coach technik\u00e1kkal is motiv\u00e1lom a hallgat\u00f3kat. Az \u00e9let mindig el\u00e9nk g\u00f6rget akad\u00e1lyokat a k\u00e9rd\u00e9s az, hogy feladjuk \u00e9s h\u00e1trafordulunk, kiker\u00fclj\u00fck, vagy \u00e1tugorjuk-e. \u00c9n azt tan\u00edtom a gyerekeimnek,s a hallgat\u00f3imnak, amit vallok \u00e9s megosztok az coacheekkal is: \u00e1t tudod ugrani, csak hinned kell \u00e9s kitartanod.<br \/>\n<\/div><div class=\"clear\"><\/div>\n","protected":false},"excerpt":{"rendered":"egyetemi adjunktus a Kaposv\u00e1ri Egyetemen senior okleveles coach medi\u00e1tor tr\u00e9ner a LINEO EN igazgat\u00f3helyettese [heading subtitle=\"Dr.Csim\u00e1n\u00e9 Dr.Pozsegovics Be\u00e1ta\"]\u00c1t tudod ugrani, csak hinned kell \u00e9s kitartanod![\/heading] F\u00e9rjemmel fiatalon megismerkedt\u00fcnk, egybekelt\u00fcnk -...","protected":false},"author":1,"featured_media":0,"parent":28,"menu_order":0,"comment_status":"closed","ping_status":"closed","template":"page-sidebar.php","meta":{"footnotes":""},"class_list":["post-91","page","type-page","status-publish"],"yoast_head":"<!-- This site is optimized with the Yoast SEO plugin v27.5 - https:\/\/yoast.com\/product\/yoast-seo-wordpress\/ -->\n<title>Dr.Csim\u00e1n\u00e9 Dr.Pozsegovics Be\u00e1ta - LINEO International Consulting Ltd.<\/title>\n<meta name=\"robots\" content=\"index, follow, max-snippet:-1, max-image-preview:large, max-video-preview:-1\" \/>\n<link rel=\"canonical\" href=\"https:\/\/coaching-nlp.hu\/en\/stothmarta\/dr-csimane-dr-pozsegovics-beata\/\" \/>\n<meta property=\"og:locale\" content=\"en_US\" \/>\n<meta property=\"og:type\" content=\"article\" \/>\n<meta property=\"og:title\" content=\"Dr.Csim\u00e1n\u00e9 Dr.Pozsegovics Be\u00e1ta - LINEO International Consulting Ltd.\" \/>\n<meta property=\"og:url\" content=\"https:\/\/coaching-nlp.hu\/en\/stothmarta\/dr-csimane-dr-pozsegovics-beata\/\" \/>\n<meta property=\"og:site_name\" content=\"LINEO International Consulting Ltd.\" \/>\n<meta property=\"article:modified_time\" content=\"2014-08-14T14:36:56+00:00\" \/>\n<meta name=\"twitter:card\" content=\"summary_large_image\" \/>\n<meta name=\"twitter:label1\" content=\"Est. reading time\" \/>\n\t<meta name=\"twitter:data1\" content=\"1 minute\" \/>\n<script type=\"application\/ld+json\" class=\"yoast-schema-graph\">{\"@context\":\"https:\\\/\\\/schema.org\",\"@graph\":[{\"@type\":\"WebPage\",\"@id\":\"https:\\\/\\\/coaching-nlp.hu\\\/en\\\/stothmarta\\\/dr-csimane-dr-pozsegovics-beata\\\/\",\"url\":\"https:\\\/\\\/coaching-nlp.hu\\\/en\\\/stothmarta\\\/dr-csimane-dr-pozsegovics-beata\\\/\",\"name\":\"Dr.Csim\u00e1n\u00e9 Dr.Pozsegovics Be\u00e1ta - LINEO International Consulting Ltd.\",\"isPartOf\":{\"@id\":\"https:\\\/\\\/coaching-nlp.hu\\\/en\\\/#website\"},\"datePublished\":\"2014-05-28T11:35:14+00:00\",\"dateModified\":\"2014-08-14T14:36:56+00:00\",\"breadcrumb\":{\"@id\":\"https:\\\/\\\/coaching-nlp.hu\\\/en\\\/stothmarta\\\/dr-csimane-dr-pozsegovics-beata\\\/#breadcrumb\"},\"inLanguage\":\"en-US\",\"potentialAction\":[{\"@type\":\"ReadAction\",\"target\":[\"https:\\\/\\\/coaching-nlp.hu\\\/en\\\/stothmarta\\\/dr-csimane-dr-pozsegovics-beata\\\/\"]}]},{\"@type\":\"BreadcrumbList\",\"@id\":\"https:\\\/\\\/coaching-nlp.hu\\\/en\\\/stothmarta\\\/dr-csimane-dr-pozsegovics-beata\\\/#breadcrumb\",\"itemListElement\":[{\"@type\":\"ListItem\",\"position\":1,\"name\":\"Home\",\"item\":\"https:\\\/\\\/coaching-nlp.hu\\\/en\\\/\"},{\"@type\":\"ListItem\",\"position\":2,\"name\":\"Marta S. Toth &#8211; Coach, NLP Trainer, Personal and Business Developer\",\"item\":\"https:\\\/\\\/coaching-nlp.hu\\\/en\\\/stothmarta\\\/\"},{\"@type\":\"ListItem\",\"position\":3,\"name\":\"Dr.Csim\u00e1n\u00e9 Dr.Pozsegovics Be\u00e1ta\"}]},{\"@type\":\"WebSite\",\"@id\":\"https:\\\/\\\/coaching-nlp.hu\\\/en\\\/#website\",\"url\":\"https:\\\/\\\/coaching-nlp.hu\\\/en\\\/\",\"name\":\"LINEO International Consulting Ltd.\",\"description\":\"Life-, business coaching; medi\u00e1ci\u00f3; szakir\u00e1ny\u00fa akkredit\u00e1lt k\u00e9pz\u00e9sek\",\"potentialAction\":[{\"@type\":\"SearchAction\",\"target\":{\"@type\":\"EntryPoint\",\"urlTemplate\":\"https:\\\/\\\/coaching-nlp.hu\\\/en\\\/?s={search_term_string}\"},\"query-input\":{\"@type\":\"PropertyValueSpecification\",\"valueRequired\":true,\"valueName\":\"search_term_string\"}}],\"inLanguage\":\"en-US\"}]}<\/script>\n<!-- \/ Yoast SEO plugin. -->","yoast_head_json":{"title":"Dr.Csim\u00e1n\u00e9 Dr.Pozsegovics Be\u00e1ta - LINEO International Consulting Ltd.","robots":{"index":"index","follow":"follow","max-snippet":"max-snippet:-1","max-image-preview":"max-image-preview:large","max-video-preview":"max-video-preview:-1"},"canonical":"https:\/\/coaching-nlp.hu\/en\/stothmarta\/dr-csimane-dr-pozsegovics-beata\/","og_locale":"en_US","og_type":"article","og_title":"Dr.Csim\u00e1n\u00e9 Dr.Pozsegovics Be\u00e1ta - LINEO International Consulting Ltd.","og_url":"https:\/\/coaching-nlp.hu\/en\/stothmarta\/dr-csimane-dr-pozsegovics-beata\/","og_site_name":"LINEO International Consulting Ltd.","article_modified_time":"2014-08-14T14:36:56+00:00","twitter_card":"summary_large_image","twitter_misc":{"Est. reading time":"1 minute"},"schema":{"@context":"https:\/\/schema.org","@graph":[{"@type":"WebPage","@id":"https:\/\/coaching-nlp.hu\/en\/stothmarta\/dr-csimane-dr-pozsegovics-beata\/","url":"https:\/\/coaching-nlp.hu\/en\/stothmarta\/dr-csimane-dr-pozsegovics-beata\/","name":"Dr.Csim\u00e1n\u00e9 Dr.Pozsegovics Be\u00e1ta - LINEO International Consulting Ltd.","isPartOf":{"@id":"https:\/\/coaching-nlp.hu\/en\/#website"},"datePublished":"2014-05-28T11:35:14+00:00","dateModified":"2014-08-14T14:36:56+00:00","breadcrumb":{"@id":"https:\/\/coaching-nlp.hu\/en\/stothmarta\/dr-csimane-dr-pozsegovics-beata\/#breadcrumb"},"inLanguage":"en-US","potentialAction":[{"@type":"ReadAction","target":["https:\/\/coaching-nlp.hu\/en\/stothmarta\/dr-csimane-dr-pozsegovics-beata\/"]}]},{"@type":"BreadcrumbList","@id":"https:\/\/coaching-nlp.hu\/en\/stothmarta\/dr-csimane-dr-pozsegovics-beata\/#breadcrumb","itemListElement":[{"@type":"ListItem","position":1,"name":"Home","item":"https:\/\/coaching-nlp.hu\/en\/"},{"@type":"ListItem","position":2,"name":"Marta S. Toth &#8211; Coach, NLP Trainer, Personal and Business Developer","item":"https:\/\/coaching-nlp.hu\/en\/stothmarta\/"},{"@type":"ListItem","position":3,"name":"Dr.Csim\u00e1n\u00e9 Dr.Pozsegovics Be\u00e1ta"}]},{"@type":"WebSite","@id":"https:\/\/coaching-nlp.hu\/en\/#website","url":"https:\/\/coaching-nlp.hu\/en\/","name":"LINEO International Consulting Ltd.","description":"Life-, business coaching; medi\u00e1ci\u00f3; szakir\u00e1ny\u00fa akkredit\u00e1lt k\u00e9pz\u00e9sek","potentialAction":[{"@type":"SearchAction","target":{"@type":"EntryPoint","urlTemplate":"https:\/\/coaching-nlp.hu\/en\/?s={search_term_string}"},"query-input":{"@type":"PropertyValueSpecification","valueRequired":true,"valueName":"search_term_string"}}],"inLanguage":"en-US"}]}},"_links":{"self":[{"href":"https:\/\/coaching-nlp.hu\/en\/wp-json\/wp\/v2\/pages\/91","targetHints":{"allow":["GET"]}}],"collection":[{"href":"https:\/\/coaching-nlp.hu\/en\/wp-json\/wp\/v2\/pages"}],"about":[{"href":"https:\/\/coaching-nlp.hu\/en\/wp-json\/wp\/v2\/types\/page"}],"author":[{"embeddable":true,"href":"https:\/\/coaching-nlp.hu\/en\/wp-json\/wp\/v2\/users\/1"}],"replies":[{"embeddable":true,"href":"https:\/\/coaching-nlp.hu\/en\/wp-json\/wp\/v2\/comments?post=91"}],"version-history":[{"count":3,"href":"https:\/\/coaching-nlp.hu\/en\/wp-json\/wp\/v2\/pages\/91\/revisions"}],"predecessor-version":[{"id":781,"href":"https:\/\/coaching-nlp.hu\/en\/wp-json\/wp\/v2\/pages\/91\/revisions\/781"}],"up":[{"embeddable":true,"href":"https:\/\/coaching-nlp.hu\/en\/wp-json\/wp\/v2\/pages\/28"}],"wp:attachment":[{"href":"https:\/\/coaching-nlp.hu\/en\/wp-json\/wp\/v2\/media?parent=91"}],"curies":[{"name":"wp","href":"https:\/\/api.w.org\/{rel}","templated":true}]}}